{"id":49080,"date":"2018-01-27T17:01:43","date_gmt":"2018-01-27T15:01:43","guid":{"rendered":"https:\/\/produktor.eu\/klient\/folderit\/"},"modified":"2026-01-31T13:03:24","modified_gmt":"2026-01-31T11:03:24","slug":"bs","status":"publish","type":"page","link":"https:\/\/www.folderit.com\/hr\/","title":{"rendered":"Softver za upravljanje dokumentima u oblaku"},"content":{"rendered":"","protected":false},"excerpt":{"rendered":"","protected":false},"author":19,"featured_media":0,"parent":0,"menu_order":0,"comment_status":"closed","ping_status":"closed","template":"page-front.php","meta":{"_acf_changed":false,"footnotes":""},"class_list":["post-49080","page","type-page","status-publish","hentry"],"acf":[],"yoast_head":"<!-- This site is optimized with the Yoast SEO Premium plugin v25.7.1 (Yoast SEO v25.7) - https:\/\/yoast.com\/wordpress\/plugins\/seo\/ -->\n<title>Sistem za upravljanje dokumentima - Folderit DMS<\/title>\n<meta name=\"description\" content=\"Nagra\u0111ivani DMS za bezbjedno i odr\u017eivije skladi\u0161tenje, upravljanje i odobravanje digitalnih dokumenata.\" \/>\n<meta name=\"robots\" content=\"index, follow, max-snippet:-1, max-image-preview:large, max-video-preview:-1\" \/>\n<link rel=\"canonical\" href=\"https:\/\/www.folderit.com\/hr\/\" \/>\n<meta property=\"og:locale\" content=\"hr_HR\" \/>\n<meta property=\"og:type\" content=\"article\" \/>\n<meta property=\"og:title\" content=\"Award-Winning Document Management System - Folderit DMS\" \/>\n<meta property=\"og:description\" content=\"The most user-friendly document management system in the world.\" \/>\n<meta property=\"og:url\" content=\"https:\/\/www.folderit.com\/hr\/\" \/>\n<meta property=\"og:site_name\" content=\"Document Management System Folderit\" \/>\n<meta property=\"article:publisher\" content=\"https:\/\/www.facebook.com\/folderit\" \/>\n<meta property=\"article:modified_time\" content=\"2026-01-31T11:03:24+00:00\" \/>\n<meta property=\"og:image\" content=\"https:\/\/www.folderit.com\/wp-content\/uploads\/2024\/07\/Folderit-EDMS.png\" \/>\n\t<meta property=\"og:image:width\" content=\"1200\" \/>\n\t<meta property=\"og:image:height\" content=\"628\" \/>\n\t<meta property=\"og:image:type\" content=\"image\/png\" \/>\n<meta name=\"twitter:card\" content=\"summary_large_image\" \/>\n<meta name=\"twitter:title\" content=\"Award-Winning Document Management System - Folderit DMS\" \/>\n<meta name=\"twitter:description\" content=\"The most user-friendly document management system in the world.\" \/>\n<meta name=\"twitter:site\" content=\"@FolderitDMS\" \/>\n<script type=\"application\/ld+json\" class=\"yoast-schema-graph\">{\"@context\":\"https:\/\/schema.org\",\"@graph\":[{\"@type\":\"WebPage\",\"@id\":\"https:\/\/www.folderit.com\/hr\/\",\"url\":\"https:\/\/www.folderit.com\/hr\/\",\"name\":\"Sistem za upravljanje dokumentima - Folderit DMS\",\"isPartOf\":{\"@id\":\"https:\/\/www.folderit.com\/hr\/#website\"},\"datePublished\":\"2018-01-27T15:01:43+00:00\",\"dateModified\":\"2026-01-31T11:03:24+00:00\",\"description\":\"Nagra\u0111ivani DMS za bezbjedno i odr\u017eivije skladi\u0161tenje, upravljanje i odobravanje digitalnih dokumenata.\",\"breadcrumb\":{\"@id\":\"https:\/\/www.folderit.com\/hr\/#breadcrumb\"},\"inLanguage\":\"hr\",\"potentialAction\":[{\"@type\":\"ReadAction\",\"target\":[\"https:\/\/www.folderit.com\/hr\/\"]}]},{\"@type\":\"BreadcrumbList\",\"@id\":\"https:\/\/www.folderit.com\/hr\/#breadcrumb\",\"itemListElement\":[{\"@type\":\"ListItem\",\"position\":1,\"name\":\"Home\",\"item\":\"https:\/\/www.folderit.com\/hr\/\"},{\"@type\":\"ListItem\",\"position\":2,\"name\":\"Softver za upravljanje dokumentima u oblaku\"}]},{\"@type\":\"WebSite\",\"@id\":\"https:\/\/www.folderit.com\/hr\/#website\",\"url\":\"https:\/\/www.folderit.com\/hr\/\",\"name\":\"Document Management System Folderit\",\"description\":\"Simple Cloud Document Management System Software\",\"publisher\":{\"@id\":\"https:\/\/www.folderit.com\/hr\/#organization\"},\"potentialAction\":[{\"@type\":\"SearchAction\",\"target\":{\"@type\":\"EntryPoint\",\"urlTemplate\":\"https:\/\/www.folderit.com\/hr\/?s={search_term_string}\"},\"query-input\":{\"@type\":\"PropertyValueSpecification\",\"valueRequired\":true,\"valueName\":\"search_term_string\"}}],\"inLanguage\":\"hr\"},{\"@type\":\"Organization\",\"@id\":\"https:\/\/www.folderit.com\/hr\/#organization\",\"name\":\"Folderit Ltd\",\"url\":\"https:\/\/www.folderit.com\/hr\/\",\"logo\":{\"@type\":\"ImageObject\",\"inLanguage\":\"hr\",\"@id\":\"https:\/\/www.folderit.com\/hr\/#\/schema\/logo\/image\/\",\"url\":\"https:\/\/www.folderit.com\/wp-content\/uploads\/2016\/02\/folderit-document-management-logo.jpg\",\"contentUrl\":\"https:\/\/www.folderit.com\/wp-content\/uploads\/2016\/02\/folderit-document-management-logo.jpg\",\"width\":300,\"height\":300,\"caption\":\"Folderit Ltd\"},\"image\":{\"@id\":\"https:\/\/www.folderit.com\/hr\/#\/schema\/logo\/image\/\"},\"sameAs\":[\"https:\/\/www.facebook.com\/folderit\",\"https:\/\/x.com\/FolderitDMS\",\"https:\/\/www.linkedin.com\/company\/folderit-document-management-system\/\",\"https:\/\/www.youtube.com\/@Folderit_com\"]}]}<\/script>\n<!-- \/ Yoast SEO Premium plugin. -->","yoast_head_json":{"title":"Sistem za upravljanje dokumentima - Folderit DMS","description":"Nagra\u0111ivani DMS za bezbjedno i odr\u017eivije skladi\u0161tenje, upravljanje i odobravanje digitalnih dokumenata.","robots":{"index":"index","follow":"follow","max-snippet":"max-snippet:-1","max-image-preview":"max-image-preview:large","max-video-preview":"max-video-preview:-1"},"canonical":"https:\/\/www.folderit.com\/hr\/","og_locale":"hr_HR","og_type":"article","og_title":"Award-Winning Document Management System - Folderit DMS","og_description":"The most user-friendly document management system in the world.","og_url":"https:\/\/www.folderit.com\/hr\/","og_site_name":"Document Management System Folderit","article_publisher":"https:\/\/www.facebook.com\/folderit","article_modified_time":"2026-01-31T11:03:24+00:00","og_image":[{"width":1200,"height":628,"url":"https:\/\/www.folderit.com\/wp-content\/uploads\/2024\/07\/Folderit-EDMS.png","type":"image\/png"}],"twitter_card":"summary_large_image","twitter_title":"Award-Winning Document Management System - Folderit DMS","twitter_description":"The most user-friendly document management system in the world.","twitter_site":"@FolderitDMS","schema":{"@context":"https:\/\/schema.org","@graph":[{"@type":"WebPage","@id":"https:\/\/www.folderit.com\/hr\/","url":"https:\/\/www.folderit.com\/hr\/","name":"Sistem za upravljanje dokumentima - Folderit DMS","isPartOf":{"@id":"https:\/\/www.folderit.com\/hr\/#website"},"datePublished":"2018-01-27T15:01:43+00:00","dateModified":"2026-01-31T11:03:24+00:00","description":"Nagra\u0111ivani DMS za bezbjedno i odr\u017eivije skladi\u0161tenje, upravljanje i odobravanje digitalnih dokumenata.","breadcrumb":{"@id":"https:\/\/www.folderit.com\/hr\/#breadcrumb"},"inLanguage":"hr","potentialAction":[{"@type":"ReadAction","target":["https:\/\/www.folderit.com\/hr\/"]}]},{"@type":"BreadcrumbList","@id":"https:\/\/www.folderit.com\/hr\/#breadcrumb","itemListElement":[{"@type":"ListItem","position":1,"name":"Home","item":"https:\/\/www.folderit.com\/hr\/"},{"@type":"ListItem","position":2,"name":"Softver za upravljanje dokumentima u oblaku"}]},{"@type":"WebSite","@id":"https:\/\/www.folderit.com\/hr\/#website","url":"https:\/\/www.folderit.com\/hr\/","name":"Document Management System Folderit","description":"Simple Cloud Document Management System Software","publisher":{"@id":"https:\/\/www.folderit.com\/hr\/#organization"},"potentialAction":[{"@type":"SearchAction","target":{"@type":"EntryPoint","urlTemplate":"https:\/\/www.folderit.com\/hr\/?s={search_term_string}"},"query-input":{"@type":"PropertyValueSpecification","valueRequired":true,"valueName":"search_term_string"}}],"inLanguage":"hr"},{"@type":"Organization","@id":"https:\/\/www.folderit.com\/hr\/#organization","name":"Folderit Ltd","url":"https:\/\/www.folderit.com\/hr\/","logo":{"@type":"ImageObject","inLanguage":"hr","@id":"https:\/\/www.folderit.com\/hr\/#\/schema\/logo\/image\/","url":"https:\/\/www.folderit.com\/wp-content\/uploads\/2016\/02\/folderit-document-management-logo.jpg","contentUrl":"https:\/\/www.folderit.com\/wp-content\/uploads\/2016\/02\/folderit-document-management-logo.jpg","width":300,"height":300,"caption":"Folderit Ltd"},"image":{"@id":"https:\/\/www.folderit.com\/hr\/#\/schema\/logo\/image\/"},"sameAs":["https:\/\/www.facebook.com\/folderit","https:\/\/x.com\/FolderitDMS","https:\/\/www.linkedin.com\/company\/folderit-document-management-system\/","https:\/\/www.youtube.com\/@Folderit_com"]}]}},"_links":{"self":[{"href":"https:\/\/www.folderit.com\/hr\/wp-json\/wp\/v2\/pages\/49080","targetHints":{"allow":["GET"]}}],"collection":[{"href":"https:\/\/www.folderit.com\/hr\/wp-json\/wp\/v2\/pages"}],"about":[{"href":"https:\/\/www.folderit.com\/hr\/wp-json\/wp\/v2\/types\/page"}],"author":[{"embeddable":true,"href":"https:\/\/www.folderit.com\/hr\/wp-json\/wp\/v2\/users\/19"}],"replies":[{"embeddable":true,"href":"https:\/\/www.folderit.com\/hr\/wp-json\/wp\/v2\/comments?post=49080"}],"version-history":[{"count":4,"href":"https:\/\/www.folderit.com\/hr\/wp-json\/wp\/v2\/pages\/49080\/revisions"}],"predecessor-version":[{"id":61926,"href":"https:\/\/www.folderit.com\/hr\/wp-json\/wp\/v2\/pages\/49080\/revisions\/61926"}],"wp:attachment":[{"href":"https:\/\/www.folderit.com\/hr\/wp-json\/wp\/v2\/media?parent=49080"}],"curies":[{"name":"wp","href":"https:\/\/api.w.org\/{rel}","templated":true}]}}