{"id":52764,"date":"2024-09-27T08:40:09","date_gmt":"2024-09-27T05:40:09","guid":{"rendered":"https:\/\/www.folderit.com\/?page_id=52764"},"modified":"2024-09-27T08:41:22","modified_gmt":"2024-09-27T05:41:22","slug":"telcomex","status":"publish","type":"page","link":"https:\/\/www.folderit.com\/fr\/telcomex\/","title":{"rendered":"Telcomex &#8211; Revendeur du syst\u00e8me de gestion documentaire Folderit en Suisse."},"content":{"rendered":"\n<p>Telcomex ICS propose des solutions informatiques de haute qualit\u00e9 pour les particuliers et les entreprises, sur site et \u00e0 distance, avec une \u00e9quipe d\u00e9di\u00e9e de 8 experts. Telcomex est \u00e9galement partenaire revendeur du syst\u00e8me de gestion documentaire Folderit en Suisse.<\/p>\n\n\n\n<p><\/p>\n","protected":false},"excerpt":{"rendered":"<p>Telcomex ICS propose des solutions informatiques de haute qualit\u00e9 pour les particuliers et les entreprises, sur site et \u00e0 distance, avec une \u00e9quipe d\u00e9di\u00e9e de 8 experts. Telcomex est \u00e9galement partenaire revendeur du syst\u00e8me de gestion documentaire Folderit en Suisse.<\/p>\n","protected":false},"author":19,"featured_media":48321,"parent":0,"menu_order":0,"comment_status":"closed","ping_status":"closed","template":"page-reseller-landing.php","meta":{"_acf_changed":false,"footnotes":""},"class_list":["post-52764","page","type-page","status-publish","has-post-thumbnail","hentry"],"acf":[],"yoast_head":"<!-- This site is optimized with the Yoast SEO Premium plugin v25.7.1 (Yoast SEO v25.7) - https:\/\/yoast.com\/wordpress\/plugins\/seo\/ -->\n<title>Telcomex - Revendeur du syst\u00e8me de gestion documentaire Folderit en Suisse. - Document Management System Folderit<\/title>\n<meta name=\"robots\" content=\"index, follow, max-snippet:-1, max-image-preview:large, max-video-preview:-1\" \/>\n<link rel=\"canonical\" href=\"https:\/\/www.folderit.com\/fr\/telcomex\/\" \/>\n<meta property=\"og:locale\" content=\"fr_FR\" \/>\n<meta property=\"og:type\" content=\"article\" \/>\n<meta property=\"og:title\" content=\"Telcomex - Revendeur du syst\u00e8me de gestion documentaire Folderit en Suisse.\" \/>\n<meta property=\"og:description\" content=\"Telcomex ICS propose des solutions informatiques de haute qualit\u00e9 pour les particuliers et les entreprises, sur site et \u00e0 distance, avec une \u00e9quipe d\u00e9di\u00e9e de 8 experts. Telcomex est \u00e9galement partenaire revendeur du syst\u00e8me de gestion documentaire Folderit en Suisse.\" \/>\n<meta property=\"og:url\" content=\"https:\/\/www.folderit.com\/fr\/telcomex\/\" \/>\n<meta property=\"og:site_name\" content=\"Document Management System Folderit\" \/>\n<meta property=\"article:publisher\" content=\"https:\/\/www.facebook.com\/folderit\" \/>\n<meta property=\"article:modified_time\" content=\"2024-09-27T05:41:22+00:00\" \/>\n<meta property=\"og:image\" content=\"https:\/\/www.folderit.com\/wp-content\/uploads\/2024\/07\/Folderit-EDMS.png\" \/>\n\t<meta property=\"og:image:width\" content=\"1200\" \/>\n\t<meta property=\"og:image:height\" content=\"628\" \/>\n\t<meta property=\"og:image:type\" content=\"image\/png\" \/>\n<meta name=\"twitter:card\" content=\"summary_large_image\" \/>\n<meta name=\"twitter:site\" content=\"@FolderitDMS\" \/>\n<meta name=\"twitter:label1\" content=\"Est. reading time\" \/>\n\t<meta name=\"twitter:data1\" content=\"1 minute\" \/>\n<script type=\"application\/ld+json\" class=\"yoast-schema-graph\">{\"@context\":\"https:\/\/schema.org\",\"@graph\":[{\"@type\":\"WebPage\",\"@id\":\"https:\/\/www.folderit.com\/fr\/telcomex\/\",\"url\":\"https:\/\/www.folderit.com\/fr\/telcomex\/\",\"name\":\"Telcomex - Revendeur du syst\u00e8me de gestion documentaire Folderit en Suisse. - Document Management System Folderit\",\"isPartOf\":{\"@id\":\"https:\/\/www.folderit.com\/fr\/#website\"},\"primaryImageOfPage\":{\"@id\":\"https:\/\/www.folderit.com\/fr\/telcomex\/#primaryimage\"},\"image\":{\"@id\":\"https:\/\/www.folderit.com\/fr\/telcomex\/#primaryimage\"},\"thumbnailUrl\":\"https:\/\/www.folderit.com\/wp-content\/uploads\/2024\/07\/Folderit_reseller_partner.svg\",\"datePublished\":\"2024-09-27T05:40:09+00:00\",\"dateModified\":\"2024-09-27T05:41:22+00:00\",\"breadcrumb\":{\"@id\":\"https:\/\/www.folderit.com\/fr\/telcomex\/#breadcrumb\"},\"inLanguage\":\"fr\",\"potentialAction\":[{\"@type\":\"ReadAction\",\"target\":[\"https:\/\/www.folderit.com\/fr\/telcomex\/\"]}]},{\"@type\":\"ImageObject\",\"inLanguage\":\"fr\",\"@id\":\"https:\/\/www.folderit.com\/fr\/telcomex\/#primaryimage\",\"url\":\"https:\/\/www.folderit.com\/wp-content\/uploads\/2024\/07\/Folderit_reseller_partner.svg\",\"contentUrl\":\"https:\/\/www.folderit.com\/wp-content\/uploads\/2024\/07\/Folderit_reseller_partner.svg\"},{\"@type\":\"BreadcrumbList\",\"@id\":\"https:\/\/www.folderit.com\/fr\/telcomex\/#breadcrumb\",\"itemListElement\":[{\"@type\":\"ListItem\",\"position\":1,\"name\":\"Home\",\"item\":\"https:\/\/www.folderit.com\/fr\/\"},{\"@type\":\"ListItem\",\"position\":2,\"name\":\"Telcomex &#8211; Revendeur du syst\u00e8me de gestion documentaire Folderit en Suisse.\"}]},{\"@type\":\"WebSite\",\"@id\":\"https:\/\/www.folderit.com\/fr\/#website\",\"url\":\"https:\/\/www.folderit.com\/fr\/\",\"name\":\"Document Management System Folderit\",\"description\":\"Simple Cloud Document Management System Software\",\"publisher\":{\"@id\":\"https:\/\/www.folderit.com\/fr\/#organization\"},\"potentialAction\":[{\"@type\":\"SearchAction\",\"target\":{\"@type\":\"EntryPoint\",\"urlTemplate\":\"https:\/\/www.folderit.com\/fr\/?s={search_term_string}\"},\"query-input\":{\"@type\":\"PropertyValueSpecification\",\"valueRequired\":true,\"valueName\":\"search_term_string\"}}],\"inLanguage\":\"fr\"},{\"@type\":\"Organization\",\"@id\":\"https:\/\/www.folderit.com\/fr\/#organization\",\"name\":\"Folderit Ltd\",\"url\":\"https:\/\/www.folderit.com\/fr\/\",\"logo\":{\"@type\":\"ImageObject\",\"inLanguage\":\"fr\",\"@id\":\"https:\/\/www.folderit.com\/fr\/#\/schema\/logo\/image\/\",\"url\":\"https:\/\/www.folderit.com\/wp-content\/uploads\/2016\/02\/folderit-document-management-logo.jpg\",\"contentUrl\":\"https:\/\/www.folderit.com\/wp-content\/uploads\/2016\/02\/folderit-document-management-logo.jpg\",\"width\":300,\"height\":300,\"caption\":\"Folderit Ltd\"},\"image\":{\"@id\":\"https:\/\/www.folderit.com\/fr\/#\/schema\/logo\/image\/\"},\"sameAs\":[\"https:\/\/www.facebook.com\/folderit\",\"https:\/\/x.com\/FolderitDMS\",\"https:\/\/www.linkedin.com\/company\/folderit-document-management-system\/\",\"https:\/\/www.youtube.com\/@Folderit_com\"]}]}<\/script>\n<!-- \/ Yoast SEO Premium plugin. -->","yoast_head_json":{"title":"Telcomex - Revendeur du syst\u00e8me de gestion documentaire Folderit en Suisse. - Document Management System Folderit","robots":{"index":"index","follow":"follow","max-snippet":"max-snippet:-1","max-image-preview":"max-image-preview:large","max-video-preview":"max-video-preview:-1"},"canonical":"https:\/\/www.folderit.com\/fr\/telcomex\/","og_locale":"fr_FR","og_type":"article","og_title":"Telcomex - Revendeur du syst\u00e8me de gestion documentaire Folderit en Suisse.","og_description":"Telcomex ICS propose des solutions informatiques de haute qualit\u00e9 pour les particuliers et les entreprises, sur site et \u00e0 distance, avec une \u00e9quipe d\u00e9di\u00e9e de 8 experts. Telcomex est \u00e9galement partenaire revendeur du syst\u00e8me de gestion documentaire Folderit en Suisse.","og_url":"https:\/\/www.folderit.com\/fr\/telcomex\/","og_site_name":"Document Management System Folderit","article_publisher":"https:\/\/www.facebook.com\/folderit","article_modified_time":"2024-09-27T05:41:22+00:00","og_image":[{"width":1200,"height":628,"url":"https:\/\/www.folderit.com\/wp-content\/uploads\/2024\/07\/Folderit-EDMS.png","type":"image\/png"}],"twitter_card":"summary_large_image","twitter_site":"@FolderitDMS","twitter_misc":{"Est. reading time":"1 minute"},"schema":{"@context":"https:\/\/schema.org","@graph":[{"@type":"WebPage","@id":"https:\/\/www.folderit.com\/fr\/telcomex\/","url":"https:\/\/www.folderit.com\/fr\/telcomex\/","name":"Telcomex - Revendeur du syst\u00e8me de gestion documentaire Folderit en Suisse. - Document Management System Folderit","isPartOf":{"@id":"https:\/\/www.folderit.com\/fr\/#website"},"primaryImageOfPage":{"@id":"https:\/\/www.folderit.com\/fr\/telcomex\/#primaryimage"},"image":{"@id":"https:\/\/www.folderit.com\/fr\/telcomex\/#primaryimage"},"thumbnailUrl":"https:\/\/www.folderit.com\/wp-content\/uploads\/2024\/07\/Folderit_reseller_partner.svg","datePublished":"2024-09-27T05:40:09+00:00","dateModified":"2024-09-27T05:41:22+00:00","breadcrumb":{"@id":"https:\/\/www.folderit.com\/fr\/telcomex\/#breadcrumb"},"inLanguage":"fr","potentialAction":[{"@type":"ReadAction","target":["https:\/\/www.folderit.com\/fr\/telcomex\/"]}]},{"@type":"ImageObject","inLanguage":"fr","@id":"https:\/\/www.folderit.com\/fr\/telcomex\/#primaryimage","url":"https:\/\/www.folderit.com\/wp-content\/uploads\/2024\/07\/Folderit_reseller_partner.svg","contentUrl":"https:\/\/www.folderit.com\/wp-content\/uploads\/2024\/07\/Folderit_reseller_partner.svg"},{"@type":"BreadcrumbList","@id":"https:\/\/www.folderit.com\/fr\/telcomex\/#breadcrumb","itemListElement":[{"@type":"ListItem","position":1,"name":"Home","item":"https:\/\/www.folderit.com\/fr\/"},{"@type":"ListItem","position":2,"name":"Telcomex &#8211; Revendeur du syst\u00e8me de gestion documentaire Folderit en Suisse."}]},{"@type":"WebSite","@id":"https:\/\/www.folderit.com\/fr\/#website","url":"https:\/\/www.folderit.com\/fr\/","name":"Document Management System Folderit","description":"Simple Cloud Document Management System Software","publisher":{"@id":"https:\/\/www.folderit.com\/fr\/#organization"},"potentialAction":[{"@type":"SearchAction","target":{"@type":"EntryPoint","urlTemplate":"https:\/\/www.folderit.com\/fr\/?s={search_term_string}"},"query-input":{"@type":"PropertyValueSpecification","valueRequired":true,"valueName":"search_term_string"}}],"inLanguage":"fr"},{"@type":"Organization","@id":"https:\/\/www.folderit.com\/fr\/#organization","name":"Folderit Ltd","url":"https:\/\/www.folderit.com\/fr\/","logo":{"@type":"ImageObject","inLanguage":"fr","@id":"https:\/\/www.folderit.com\/fr\/#\/schema\/logo\/image\/","url":"https:\/\/www.folderit.com\/wp-content\/uploads\/2016\/02\/folderit-document-management-logo.jpg","contentUrl":"https:\/\/www.folderit.com\/wp-content\/uploads\/2016\/02\/folderit-document-management-logo.jpg","width":300,"height":300,"caption":"Folderit Ltd"},"image":{"@id":"https:\/\/www.folderit.com\/fr\/#\/schema\/logo\/image\/"},"sameAs":["https:\/\/www.facebook.com\/folderit","https:\/\/x.com\/FolderitDMS","https:\/\/www.linkedin.com\/company\/folderit-document-management-system\/","https:\/\/www.youtube.com\/@Folderit_com"]}]}},"_links":{"self":[{"href":"https:\/\/www.folderit.com\/fr\/wp-json\/wp\/v2\/pages\/52764","targetHints":{"allow":["GET"]}}],"collection":[{"href":"https:\/\/www.folderit.com\/fr\/wp-json\/wp\/v2\/pages"}],"about":[{"href":"https:\/\/www.folderit.com\/fr\/wp-json\/wp\/v2\/types\/page"}],"author":[{"embeddable":true,"href":"https:\/\/www.folderit.com\/fr\/wp-json\/wp\/v2\/users\/19"}],"replies":[{"embeddable":true,"href":"https:\/\/www.folderit.com\/fr\/wp-json\/wp\/v2\/comments?post=52764"}],"version-history":[{"count":4,"href":"https:\/\/www.folderit.com\/fr\/wp-json\/wp\/v2\/pages\/52764\/revisions"}],"predecessor-version":[{"id":52794,"href":"https:\/\/www.folderit.com\/fr\/wp-json\/wp\/v2\/pages\/52764\/revisions\/52794"}],"wp:featuredmedia":[{"embeddable":true,"href":"https:\/\/www.folderit.com\/fr\/wp-json\/wp\/v2\/media\/48321"}],"wp:attachment":[{"href":"https:\/\/www.folderit.com\/fr\/wp-json\/wp\/v2\/media?parent=52764"}],"curies":[{"name":"wp","href":"https:\/\/api.w.org\/{rel}","templated":true}]}}