{"id":48908,"date":"2024-06-19T18:58:35","date_gmt":"2024-06-19T15:58:35","guid":{"rendered":"https:\/\/produktor.eu\/klient\/folderit\/enterprise-plans\/"},"modified":"2025-08-26T16:35:37","modified_gmt":"2025-08-26T13:35:37","slug":"enterprise-plans","status":"publish","type":"page","link":"https:\/\/www.folderit.com\/fi\/hinnasto\/enterprise-plans\/","title":{"rendered":"Enterprise-tason DMS-suunnitelmat"},"content":{"rendered":"\n<h1 class=\"wp-block-heading\" id=\"h-single-tenant-whitelabel-instance\">Single-tenant Whitelabel Instance<\/h1>\n","protected":false},"excerpt":{"rendered":"<p>Single-tenant Whitelabel Instance<\/p>\n","protected":false},"author":19,"featured_media":0,"parent":1232,"menu_order":0,"comment_status":"closed","ping_status":"closed","template":"page-pricing-enterprise.php","meta":{"_acf_changed":false,"footnotes":""},"class_list":["post-48908","page","type-page","status-publish","hentry"],"acf":[],"yoast_head":"<!-- This site is optimized with the Yoast SEO Premium plugin v25.7.1 (Yoast SEO v25.7) - https:\/\/yoast.com\/wordpress\/plugins\/seo\/ -->\n<title>Enterprise-tason DMS | White-label &amp; single-tenant | Folderit<\/title>\n<meta name=\"description\" content=\"Enterprise-tason DMS: single-tenant-AWS-is\u00e4nn\u00f6inti, white-label-br\u00e4nd\u00e4ys, EU-tason tietoturva ja priorisoitu tuki Folderitilta.\" \/>\n<meta name=\"robots\" content=\"index, follow, max-snippet:-1, max-image-preview:large, max-video-preview:-1\" \/>\n<link rel=\"canonical\" href=\"https:\/\/www.folderit.com\/fi\/hinnasto\/enterprise-plans\/\" \/>\n<meta property=\"og:locale\" content=\"fi_FI\" \/>\n<meta property=\"og:type\" content=\"article\" \/>\n<meta property=\"og:title\" content=\"Enterprise-tason DMS-suunnitelmat\" \/>\n<meta property=\"og:description\" content=\"Enterprise-tason DMS: single-tenant-AWS-is\u00e4nn\u00f6inti, white-label-br\u00e4nd\u00e4ys, EU-tason tietoturva ja priorisoitu tuki Folderitilta.\" \/>\n<meta property=\"og:url\" content=\"https:\/\/www.folderit.com\/fi\/hinnasto\/enterprise-plans\/\" \/>\n<meta property=\"og:site_name\" content=\"Document Management System Folderit\" \/>\n<meta property=\"article:publisher\" content=\"https:\/\/www.facebook.com\/folderit\" \/>\n<meta property=\"article:modified_time\" content=\"2025-08-26T13:35:37+00:00\" \/>\n<meta property=\"og:image\" content=\"https:\/\/www.folderit.com\/wp-content\/uploads\/2024\/07\/Folderit-DMS-Enterprise-plan.png\" \/>\n\t<meta property=\"og:image:width\" content=\"1201\" \/>\n\t<meta property=\"og:image:height\" content=\"628\" \/>\n\t<meta property=\"og:image:type\" content=\"image\/png\" \/>\n<meta name=\"twitter:card\" content=\"summary_large_image\" \/>\n<meta name=\"twitter:site\" content=\"@FolderitDMS\" \/>\n<meta name=\"twitter:label1\" content=\"Arvioitu lukuaika\" \/>\n\t<meta name=\"twitter:data1\" content=\"1 minuutti\" \/>\n<script type=\"application\/ld+json\" class=\"yoast-schema-graph\">{\"@context\":\"https:\/\/schema.org\",\"@graph\":[{\"@type\":\"WebPage\",\"@id\":\"https:\/\/www.folderit.com\/fi\/hinnasto\/enterprise-plans\/\",\"url\":\"https:\/\/www.folderit.com\/fi\/hinnasto\/enterprise-plans\/\",\"name\":\"Enterprise-tason DMS | White-label & single-tenant | Folderit\",\"isPartOf\":{\"@id\":\"https:\/\/www.folderit.com\/fi\/#website\"},\"datePublished\":\"2024-06-19T15:58:35+00:00\",\"dateModified\":\"2025-08-26T13:35:37+00:00\",\"description\":\"Enterprise-tason DMS: single-tenant-AWS-is\u00e4nn\u00f6inti, white-label-br\u00e4nd\u00e4ys, EU-tason tietoturva ja priorisoitu tuki Folderitilta.\",\"breadcrumb\":{\"@id\":\"https:\/\/www.folderit.com\/fi\/hinnasto\/enterprise-plans\/#breadcrumb\"},\"inLanguage\":\"fi\",\"potentialAction\":[{\"@type\":\"ReadAction\",\"target\":[\"https:\/\/www.folderit.com\/fi\/hinnasto\/enterprise-plans\/\"]}]},{\"@type\":\"BreadcrumbList\",\"@id\":\"https:\/\/www.folderit.com\/fi\/hinnasto\/enterprise-plans\/#breadcrumb\",\"itemListElement\":[{\"@type\":\"ListItem\",\"position\":1,\"name\":\"Home\",\"item\":\"https:\/\/www.folderit.com\/fi\/\"},{\"@type\":\"ListItem\",\"position\":2,\"name\":\"Hinnasto\",\"item\":\"https:\/\/www.folderit.com\/fi\/hinnasto\/\"},{\"@type\":\"ListItem\",\"position\":3,\"name\":\"Enterprise-tason DMS-suunnitelmat\"}]},{\"@type\":\"WebSite\",\"@id\":\"https:\/\/www.folderit.com\/fi\/#website\",\"url\":\"https:\/\/www.folderit.com\/fi\/\",\"name\":\"Document Management System Folderit\",\"description\":\"Simple Cloud Document Management System Software\",\"publisher\":{\"@id\":\"https:\/\/www.folderit.com\/fi\/#organization\"},\"potentialAction\":[{\"@type\":\"SearchAction\",\"target\":{\"@type\":\"EntryPoint\",\"urlTemplate\":\"https:\/\/www.folderit.com\/fi\/?s={search_term_string}\"},\"query-input\":{\"@type\":\"PropertyValueSpecification\",\"valueRequired\":true,\"valueName\":\"search_term_string\"}}],\"inLanguage\":\"fi\"},{\"@type\":\"Organization\",\"@id\":\"https:\/\/www.folderit.com\/fi\/#organization\",\"name\":\"Folderit Ltd\",\"url\":\"https:\/\/www.folderit.com\/fi\/\",\"logo\":{\"@type\":\"ImageObject\",\"inLanguage\":\"fi\",\"@id\":\"https:\/\/www.folderit.com\/fi\/#\/schema\/logo\/image\/\",\"url\":\"https:\/\/www.folderit.com\/wp-content\/uploads\/2016\/02\/folderit-document-management-logo.jpg\",\"contentUrl\":\"https:\/\/www.folderit.com\/wp-content\/uploads\/2016\/02\/folderit-document-management-logo.jpg\",\"width\":300,\"height\":300,\"caption\":\"Folderit Ltd\"},\"image\":{\"@id\":\"https:\/\/www.folderit.com\/fi\/#\/schema\/logo\/image\/\"},\"sameAs\":[\"https:\/\/www.facebook.com\/folderit\",\"https:\/\/x.com\/FolderitDMS\",\"https:\/\/www.linkedin.com\/company\/folderit-document-management-system\/\",\"https:\/\/www.youtube.com\/@Folderit_com\"]}]}<\/script>\n<!-- \/ Yoast SEO Premium plugin. -->","yoast_head_json":{"title":"Enterprise-tason DMS | White-label & single-tenant | Folderit","description":"Enterprise-tason DMS: single-tenant-AWS-is\u00e4nn\u00f6inti, white-label-br\u00e4nd\u00e4ys, EU-tason tietoturva ja priorisoitu tuki Folderitilta.","robots":{"index":"index","follow":"follow","max-snippet":"max-snippet:-1","max-image-preview":"max-image-preview:large","max-video-preview":"max-video-preview:-1"},"canonical":"https:\/\/www.folderit.com\/fi\/hinnasto\/enterprise-plans\/","og_locale":"fi_FI","og_type":"article","og_title":"Enterprise-tason DMS-suunnitelmat","og_description":"Enterprise-tason DMS: single-tenant-AWS-is\u00e4nn\u00f6inti, white-label-br\u00e4nd\u00e4ys, EU-tason tietoturva ja priorisoitu tuki Folderitilta.","og_url":"https:\/\/www.folderit.com\/fi\/hinnasto\/enterprise-plans\/","og_site_name":"Document Management System Folderit","article_publisher":"https:\/\/www.facebook.com\/folderit","article_modified_time":"2025-08-26T13:35:37+00:00","og_image":[{"width":1201,"height":628,"url":"https:\/\/www.folderit.com\/wp-content\/uploads\/2024\/07\/Folderit-DMS-Enterprise-plan.png","type":"image\/png"}],"twitter_card":"summary_large_image","twitter_site":"@FolderitDMS","twitter_misc":{"Arvioitu lukuaika":"1 minuutti"},"schema":{"@context":"https:\/\/schema.org","@graph":[{"@type":"WebPage","@id":"https:\/\/www.folderit.com\/fi\/hinnasto\/enterprise-plans\/","url":"https:\/\/www.folderit.com\/fi\/hinnasto\/enterprise-plans\/","name":"Enterprise-tason DMS | White-label & single-tenant | Folderit","isPartOf":{"@id":"https:\/\/www.folderit.com\/fi\/#website"},"datePublished":"2024-06-19T15:58:35+00:00","dateModified":"2025-08-26T13:35:37+00:00","description":"Enterprise-tason DMS: single-tenant-AWS-is\u00e4nn\u00f6inti, white-label-br\u00e4nd\u00e4ys, EU-tason tietoturva ja priorisoitu tuki Folderitilta.","breadcrumb":{"@id":"https:\/\/www.folderit.com\/fi\/hinnasto\/enterprise-plans\/#breadcrumb"},"inLanguage":"fi","potentialAction":[{"@type":"ReadAction","target":["https:\/\/www.folderit.com\/fi\/hinnasto\/enterprise-plans\/"]}]},{"@type":"BreadcrumbList","@id":"https:\/\/www.folderit.com\/fi\/hinnasto\/enterprise-plans\/#breadcrumb","itemListElement":[{"@type":"ListItem","position":1,"name":"Home","item":"https:\/\/www.folderit.com\/fi\/"},{"@type":"ListItem","position":2,"name":"Hinnasto","item":"https:\/\/www.folderit.com\/fi\/hinnasto\/"},{"@type":"ListItem","position":3,"name":"Enterprise-tason DMS-suunnitelmat"}]},{"@type":"WebSite","@id":"https:\/\/www.folderit.com\/fi\/#website","url":"https:\/\/www.folderit.com\/fi\/","name":"Document Management System Folderit","description":"Simple Cloud Document Management System Software","publisher":{"@id":"https:\/\/www.folderit.com\/fi\/#organization"},"potentialAction":[{"@type":"SearchAction","target":{"@type":"EntryPoint","urlTemplate":"https:\/\/www.folderit.com\/fi\/?s={search_term_string}"},"query-input":{"@type":"PropertyValueSpecification","valueRequired":true,"valueName":"search_term_string"}}],"inLanguage":"fi"},{"@type":"Organization","@id":"https:\/\/www.folderit.com\/fi\/#organization","name":"Folderit Ltd","url":"https:\/\/www.folderit.com\/fi\/","logo":{"@type":"ImageObject","inLanguage":"fi","@id":"https:\/\/www.folderit.com\/fi\/#\/schema\/logo\/image\/","url":"https:\/\/www.folderit.com\/wp-content\/uploads\/2016\/02\/folderit-document-management-logo.jpg","contentUrl":"https:\/\/www.folderit.com\/wp-content\/uploads\/2016\/02\/folderit-document-management-logo.jpg","width":300,"height":300,"caption":"Folderit Ltd"},"image":{"@id":"https:\/\/www.folderit.com\/fi\/#\/schema\/logo\/image\/"},"sameAs":["https:\/\/www.facebook.com\/folderit","https:\/\/x.com\/FolderitDMS","https:\/\/www.linkedin.com\/company\/folderit-document-management-system\/","https:\/\/www.youtube.com\/@Folderit_com"]}]}},"_links":{"self":[{"href":"https:\/\/www.folderit.com\/fi\/wp-json\/wp\/v2\/pages\/48908","targetHints":{"allow":["GET"]}}],"collection":[{"href":"https:\/\/www.folderit.com\/fi\/wp-json\/wp\/v2\/pages"}],"about":[{"href":"https:\/\/www.folderit.com\/fi\/wp-json\/wp\/v2\/types\/page"}],"author":[{"embeddable":true,"href":"https:\/\/www.folderit.com\/fi\/wp-json\/wp\/v2\/users\/19"}],"replies":[{"embeddable":true,"href":"https:\/\/www.folderit.com\/fi\/wp-json\/wp\/v2\/comments?post=48908"}],"version-history":[{"count":4,"href":"https:\/\/www.folderit.com\/fi\/wp-json\/wp\/v2\/pages\/48908\/revisions"}],"predecessor-version":[{"id":58192,"href":"https:\/\/www.folderit.com\/fi\/wp-json\/wp\/v2\/pages\/48908\/revisions\/58192"}],"up":[{"embeddable":true,"href":"https:\/\/www.folderit.com\/fi\/wp-json\/wp\/v2\/pages\/1232"}],"wp:attachment":[{"href":"https:\/\/www.folderit.com\/fi\/wp-json\/wp\/v2\/media?parent=48908"}],"curies":[{"name":"wp","href":"https:\/\/api.w.org\/{rel}","templated":true}]}}