{"id":2136,"date":"2018-08-07T16:57:06","date_gmt":"2018-08-07T13:57:06","guid":{"rendered":"https:\/\/www.folderit.com\/?page_id=2136"},"modified":"2025-09-29T09:42:31","modified_gmt":"2025-09-29T06:42:31","slug":"dokumentide-digitaliseerimine","status":"publish","type":"page","link":"https:\/\/www.folderit.com\/et\/dokumentide-digitaliseerimine\/","title":{"rendered":"Dokumentide digitaliseerimine ehk digiteerimine"},"content":{"rendered":"<div class=\"wp-block-image wp-image-2139\">\n<figure class=\"alignright size-large is-resized\"><img decoding=\"async\" width=\"1024\" height=\"683\" src=\"https:\/\/www.folderit.com\/wp-content\/uploads\/2018\/08\/Dokumentide-digitaliseerimine-digiteerimine-1024x683.jpg\" alt=\"Dokumentide digitaliseerimine digiteerimine\" class=\"wp-image-8715\" style=\"width:340px;height:auto\" srcset=\"https:\/\/www.folderit.com\/wp-content\/uploads\/2018\/08\/Dokumentide-digitaliseerimine-digiteerimine-1024x683.jpg 1024w, https:\/\/www.folderit.com\/wp-content\/uploads\/2018\/08\/Dokumentide-digitaliseerimine-digiteerimine-300x200.jpg 300w, https:\/\/www.folderit.com\/wp-content\/uploads\/2018\/08\/Dokumentide-digitaliseerimine-digiteerimine-768x512.jpg 768w, https:\/\/www.folderit.com\/wp-content\/uploads\/2018\/08\/Dokumentide-digitaliseerimine-digiteerimine-652x435.jpg 652w, https:\/\/www.folderit.com\/wp-content\/uploads\/2018\/08\/Dokumentide-digitaliseerimine-digiteerimine-260x173.jpg 260w, https:\/\/www.folderit.com\/wp-content\/uploads\/2018\/08\/Dokumentide-digitaliseerimine-digiteerimine-800x533.jpg 800w, https:\/\/www.folderit.com\/wp-content\/uploads\/2018\/08\/Dokumentide-digitaliseerimine-digiteerimine-54x36.jpg 54w\" sizes=\"(max-width: 1024px) 100vw, 1024px\" \/><figcaption class=\"wp-element-caption\">Dokumentide digitaliseerimine \/ digiteerimine<\/figcaption><\/figure>\n<\/div>\n\n\n<h3 class=\"wp-block-heading\">Dokumentide digitaliseerimine ehk digiteerimine ja skaneerimine<\/h3>\n\n\n\n<p>Dokumentide digitaliseerimine ehk dokumentide digiteerimine on protsess, millega muudetakse f\u00fc\u00fcsilised andmed, n\u00e4iteks reaalsed paberile kirjutatud, tr\u00fckitud, joonistatud vms viisil kujutatud info digitaalseks, ehk arvutis n\u00e4htavaks ja kasutatavaks failiks.<\/p>\n\n\n\n<p>Kui sinu ettev\u00f5ttel on paberarhiiv, mis oleks tarvis digitaliseerida, siis saame sind selles aidata. Pakume f\u00fc\u00fcsiliste dokumentide suurearvuliste kogude digitaliseerimist &#8212; skaneerimist, metaandmetega varustamist ning arhiveerimist Folderit pilve. Saame skaneerimist teostada nii teie asukohas kui ka materjalid ajutiselt oma ruumidesse transportides.<\/p>\n\n\n\n<style>@media (max-width:480px){#cp_calculatedfieldsf_pform_1{min-height:496px;}}@media (max-width:768px){#cp_calculatedfieldsf_pform_1{min-height:365px;}}@media (max-width:1024px){#cp_calculatedfieldsf_pform_1{min-height:485px;}}@media (min-width:1024px){#cp_calculatedfieldsf_pform_1{min-height:474px;}}<\/style><form name=\"cp_calculatedfieldsf_pform_1\" id=\"cp_calculatedfieldsf_pform_1\" action=\"https:\/\/www.folderit.com\/et\/dokumentide-digitaliseerimine\/\" method=\"post\" enctype=\"multipart\/form-data\" onsubmit=\"return fbuilderjQuery.fbuilder.doValidate(this);\" class=\"cff-form no-prefetch  cp_cff_12\"  data-nonce=\"3be7bc03ed\">\n<input type=\"hidden\" name=\"cp_calculatedfieldsf_pform_psequence\" value=\"_1\" \/>\n<input type=\"hidden\" name=\"cp_calculatedfieldsf_id\" value=\"6\" \/>\n<input type=\"hidden\" name=\"cp_ref_page\" value=\"https:\/\/www.folderit.com\/et\" \/>\n<pre style=\"display:none !important;\"><script type=\"text\/javascript\">form_structure_1=[[{\"form_identifier\":\"\",\"name\":\"fieldname10\",\"shortlabel\":\"\",\"index\":0,\"ftype\":\"fCommentArea\",\"userhelp\":\"\",\"userhelpTooltip\":false,\"tooltipIcon\":false,\"csslayout\":\"\",\"title\":\"A4 lehe digiteerimine \\\/ skaneerimine\",\"fBuild\":{},\"parent\":\"\"},{\"form_identifier\":\"\",\"name\":\"fieldname2\",\"shortlabel\":\"A4 lehek\\u00fclgede arv\",\"index\":1,\"ftype\":\"fnumber\",\"userhelp\":\"\",\"userhelpTooltip\":false,\"tooltipIcon\":false,\"csslayout\":\"\",\"title\":\"Sisesta A4 formaadis lehek\\u00fclgede arv\",\"predefined\":\"0\",\"predefinedClick\":true,\"required\":false,\"readonly\":false,\"size\":\"small\",\"thousandSeparator\":\"\",\"decimalSymbol\":\".\",\"min\":\"1\",\"max\":\"\",\"formatDynamically\":false,\"dformat\":\"digits\",\"formats\":[\"digits\",\"number\",\"percent\"],\"fBuild\":{},\"parent\":\"\"},{\"form_identifier\":\"\",\"name\":\"fieldname13\",\"shortlabel\":\"\",\"index\":2,\"ftype\":\"fcheck\",\"userhelp\":\"\",\"userhelpTooltip\":false,\"tooltipIcon\":false,\"csslayout\":\"\",\"title\":\"\",\"layout\":\"side_by_side\",\"required\":false,\"toSubmit\":\"value\",\"merge\":1,\"max\":-1,\"maxError\":\"Check no more than {0} boxes\",\"showDep\":false,\"choices\":[\"Metaandmete sisestamisega\"],\"choicesVal\":[\"with_meta\"],\"choiceSelected\":[false],\"choicesDep\":[[]],\"fBuild\":{},\"parent\":\"\"},{\"dependencies\":[{\"rule\":\"\",\"complex\":false,\"fields\":[\"\"]}],\"form_identifier\":\"\",\"name\":\"fieldname1\",\"shortlabel\":\"\",\"index\":3,\"ftype\":\"fCalculated\",\"userhelp\":\"\",\"userhelpTooltip\":false,\"tooltipIcon\":false,\"csslayout\":\"\",\"title\":\"Digiteerimise maksumus:\",\"predefined\":\"\",\"required\":false,\"size\":\"small\",\"eq\":\"(function(){\\n\\nvar coef = 0.2;\\n\\nif (fieldname13 == 'with_meta') {\\n    coef = 0.6;\\n}\\n\\nif(fieldname2 \\u003E= 10000) {\\n\\n    coef = 0.185;\\n    \\n    if (fieldname13 == 'with_meta') {\\n        coef = 0.5;\\n    }\\n}\\n\\nvar sum = fieldname2 * coef;\\n\\nreturn sum.toFixed(2);\\n\\n})();\",\"suffix\":\" \\u20ac\",\"prefix\":\"\",\"decimalsymbol\":\",\",\"groupingsymbol\":\"\",\"readonly\":true,\"hidefield\":false,\"fBuild\":{},\"parent\":\"\"}],{\"0\":{\"title\":\"\",\"description\":\"\\u003Cb\\u003EDOKUMENTIDE DIGITEERIMISE HINNAKALKULAATOR\\u003C\\\/B\\u003E\",\"formlayout\":\"top_aligned\",\"formtemplate\":\"cp_cff_12\",\"evalequations\":1,\"evalequationsevent\":2,\"autocomplete\":0,\"persistence\":0,\"customstyles\":\"\"},\"formid\":\"cp_calculatedfieldsf_pform_1\"}];<\/script><\/pre>\n<div id=\"fbuilder\">\n\t\t<div id=\"fbuilder_1\">\n\t\t<div id=\"formheader_1\"><\/div>\n\t\t<div id=\"fieldlist_1\"><\/div>\n\t\t<div class=\"clearer\"><\/div>\n\t<\/div>\n<\/div>\n\t<div id=\"cp_subbtn_1\" class=\"cp_subbtn\" style=\"display:none;\"><\/div><div class=\"clearer\"><\/div>\n\t<input type=\"hidden\" id=\"_cpcff_public_nonce\" name=\"_cpcff_public_nonce\" value=\"e48f9a18b3\" \/><input type=\"hidden\" name=\"_wp_http_referer\" value=\"\/et\/wp-json\/wp\/v2\/pages\/2136\" \/><\/form>\n\t\n\n\n\n<h4 class=\"wp-block-heading\" id=\"h-dokumentide-digitaliseerimise-digiteerimise-skaneerimise-teenus-naeb-valja-nonda\">Dokumentide digitaliseerimise \/ digiteerimise \/ skaneerimise teenus n\u00e4eb v\u00e4lja n\u00f5nda:<\/h4>\n\n\n\n<ol class=\"wp-block-list\">\n<li><strong>Paberarhiivist, selle mahust ja formaatidest \u00fclevaate saamine<\/strong><br>Kus ja kuidas on dokumendid arhiveeritud, kui tundliku sisuga need on, millises vormis ja f\u00fc\u00fcsilises formaadis, ehk selle pinnalt tekib arusaam t\u00f6\u00f6mahust ja saab koostada hinnapakkumise ning t\u00e4pse t\u00f6\u00f6plaani ja ajakava.<\/li>\n\n\n\n<li><strong>Dokumentide skanneerimine kohapeal v\u00f5i meie ruumides<\/strong><br>Ettevalmistus ja skaneerimist\u00f6\u00f6 ise, mis v\u00f5tab aega m\u00f5nest p\u00e4evast n\u00e4dalate v\u00f5i lausa kuudeni, olenevalt arhiivi mahust ja arhivaalide formaadist. Soodsam on lasta dokumentide digitaliseerimise t\u00f6\u00f6 teostada meie ruumides, ent eriti tundlike projektide vajadusel saame oma masinatega ka kohapeale tulla.<\/li>\n\n\n\n<li><strong>Digidokumentide arhiveerimine ja salvestamine Folderit dokumendihaduse pilve<\/strong><br>Pilvep\u00f5hine GDPRi vastavusega digiarhiiv tagab 256-bitise kr\u00fcpteeringu ja kolmekordse varundusega andmete turvalise s\u00e4ilimise; metaandmete tugi ja OCR-tekstituvastus dokumentide leitavuse ning pilvep\u00f5hisus kust iganes andmetele ligip\u00e4\u00e4setavuse k\u00f5igil vastava loaga inimestel. Folderit on lihtsasti kasutatav, turvaline ja isegi oma v\u00f5imalusterohkuses m\u00e4rksa soodsam kui teised tuntud alternatiivid. Nii saate digiteeritud andmed ja m\u00e4\u00e4rustele vastava digiarhiivi \u00fchekorraga!<\/li>\n\n\n\n<li><strong>Digitaliseeritud dokumentide metaandmetega varustamine<\/strong><br>Failidele kirjeldavate nimetuste, m\u00e4rks\u00f5nade ja muude andmete lisamine, et digitaliseeritud dokumendid paremini indekseeritavaks ja leitavaks teha.<\/li>\n\n\n\n<li><strong>Folderit digiarhiivi kasutamise koolitus ettev\u00f5tte t\u00f6\u00f6tajatele<\/strong><br>Kuna Folderit on valitud <a href=\"https:\/\/www.folderit.com\/et\/blog\/testivoit-folderit-koige-kasutajasobralikum-dokumendihaldustarkvara\/\" target=\"_blank\" rel=\"noreferrer noopener\">maailma k\u00f5ige kasutajas\u00f5bralikumaks dokumendihaldustarkvaraks<\/a>, ei ole digiteeritud materjalide edasise haldamisega muidugi suurt muret ja kogu s\u00fcsteem on isegi uuele kasutajale lihtsasti arusaadav. Sellegipoolest annab turvatunnet teadmine, et s\u00fcsteemist antakse t\u00e4ielik \u00fclevaade ning seda kohapeal, eesti keeles. Veelgi enam, ka hilisem kasutustugi on alati eestikeelne ja inimesed, kellega mis iganes k\u00fcsimustes suhelda, on telefonik\u00f5ne v\u00f5i kohtumise kaugusel.<\/li>\n<\/ol>\n\n\n\n<p><strong>&gt; Kui soovid dokumentide digitaliseerimise kohta rohkem infot, <a href=\"https:\/\/www.folderit.com\/et\/kontakt\/\" target=\"_blank\" rel=\"noreferrer noopener\">V\u00d5TA MEIEGA \u00dcHENDUST!<\/a><\/strong><\/p>\n\n\n\n<p>Dokumente saad digiteerida muidugi ka ise. Kasv\u00f5i telefoniga pildistades ja saadud faili Folderit&#8217;is arhiveerides. V\u00f5i kontori sk\u00e4nneriga neid skanneerides ehk digitaliseerides. Ent suurte mahtude puhul v\u00f5ib oma ettev\u00f5tte ajaressursist ja efektiivsematest oskustest puudus olla ning siis aitabki Folderiti paberarhiivi digitaliseerimise teenus.<\/p>\n\n\n\n<p>Dokumentide digitaliseerimine ja turvaline digiarhiveerimine \u00fchest kohast!<\/p>\n\n\n\n<figure class=\"wp-block-embed is-type-video is-provider-youtube wp-block-embed-youtube wp-embed-aspect-16-9 wp-has-aspect-ratio\"><div class=\"wp-block-embed__wrapper\">\n<iframe title=\"Dokumentide digitaliseerimine -- Folderit\" width=\"1000\" height=\"563\" src=\"https:\/\/www.youtube.com\/embed\/ugPyibpiN6Y?feature=oembed\" frameborder=\"0\" allow=\"accelerometer; autoplay; clipboard-write; encrypted-media; gyroscope; picture-in-picture; web-share\" referrerpolicy=\"strict-origin-when-cross-origin\" allowfullscreen><\/iframe>\n<\/div><\/figure>\n","protected":false},"excerpt":{"rendered":"<p>Dokumentide digitaliseerimine ehk digiteerimine ja skaneerimine Dokumentide digitaliseerimine ehk dokumentide digiteerimine on protsess, millega muudetakse f\u00fc\u00fcsilised andmed, n\u00e4iteks reaalsed paberile kirjutatud, tr\u00fckitud, joonistatud vms viisil kujutatud info digitaalseks, ehk arvutis n\u00e4htavaks ja kasutatavaks failiks. Kui sinu ettev\u00f5ttel on paberarhiiv, mis oleks tarvis digitaliseerida, siis saame sind selles aidata. Pakume f\u00fc\u00fcsiliste dokumentide suurearvuliste kogude digitaliseerimist &#8212; [&hellip;]<\/p>\n","protected":false},"author":19,"featured_media":0,"parent":0,"menu_order":0,"comment_status":"closed","ping_status":"closed","template":"","meta":{"_acf_changed":false,"footnotes":""},"class_list":["post-2136","page","type-page","status-publish","hentry"],"acf":[],"yoast_head":"<!-- This site is optimized with the Yoast SEO Premium plugin v25.7.1 (Yoast SEO v25.7) - https:\/\/yoast.com\/wordpress\/plugins\/seo\/ -->\n<title>Dokumentide digitaliseerimine - Folderit<\/title>\n<meta name=\"description\" content=\"Dokumentide digitaliseerimine ehk digiteerimine \u00fcle Eesti. Digiteerime otse teie uude digiarhiivi: Folderit on kaks \u00fches!\" \/>\n<meta name=\"robots\" content=\"index, follow, max-snippet:-1, max-image-preview:large, max-video-preview:-1\" \/>\n<link rel=\"canonical\" href=\"https:\/\/www.folderit.com\/et\/dokumentide-digitaliseerimine\/\" \/>\n<meta property=\"og:locale\" content=\"et_EE\" \/>\n<meta property=\"og:type\" content=\"article\" \/>\n<meta property=\"og:title\" content=\"Dokumentide digitaliseerimine ehk digiteerimine\" \/>\n<meta property=\"og:description\" content=\"Dokumentide digitaliseerimine ehk digiteerimine \u00fcle Eesti. Digiteerime otse teie uude digiarhiivi: Folderit on kaks \u00fches!\" \/>\n<meta property=\"og:url\" content=\"https:\/\/www.folderit.com\/et\/dokumentide-digitaliseerimine\/\" \/>\n<meta property=\"og:site_name\" content=\"Document Management System Folderit\" \/>\n<meta property=\"article:publisher\" content=\"https:\/\/www.facebook.com\/folderit\" \/>\n<meta property=\"article:modified_time\" content=\"2025-09-29T06:42:31+00:00\" \/>\n<meta property=\"og:image\" content=\"https:\/\/www.folderit.com\/wp-content\/uploads\/2018\/08\/Dokumentide-digitaliseerimine-digiteerimine.jpg\" \/>\n\t<meta property=\"og:image:width\" content=\"5875\" \/>\n\t<meta property=\"og:image:height\" content=\"3917\" \/>\n\t<meta property=\"og:image:type\" content=\"image\/jpeg\" \/>\n<meta name=\"twitter:card\" content=\"summary_large_image\" \/>\n<meta name=\"twitter:site\" content=\"@FolderitDMS\" \/>\n<meta name=\"twitter:label1\" content=\"Est. reading time\" \/>\n\t<meta name=\"twitter:data1\" content=\"2 minutit\" \/>\n<script type=\"application\/ld+json\" class=\"yoast-schema-graph\">{\"@context\":\"https:\/\/schema.org\",\"@graph\":[{\"@type\":\"WebPage\",\"@id\":\"https:\/\/www.folderit.com\/et\/dokumentide-digitaliseerimine\/\",\"url\":\"https:\/\/www.folderit.com\/et\/dokumentide-digitaliseerimine\/\",\"name\":\"Dokumentide digitaliseerimine - Folderit\",\"isPartOf\":{\"@id\":\"https:\/\/www.folderit.com\/et\/#website\"},\"primaryImageOfPage\":{\"@id\":\"https:\/\/www.folderit.com\/et\/dokumentide-digitaliseerimine\/#primaryimage\"},\"image\":{\"@id\":\"https:\/\/www.folderit.com\/et\/dokumentide-digitaliseerimine\/#primaryimage\"},\"thumbnailUrl\":\"https:\/\/www.folderit.com\/wp-content\/uploads\/2018\/08\/Dokumentide-digitaliseerimine-digiteerimine-1024x683.jpg\",\"datePublished\":\"2018-08-07T13:57:06+00:00\",\"dateModified\":\"2025-09-29T06:42:31+00:00\",\"description\":\"Dokumentide digitaliseerimine ehk digiteerimine \u00fcle Eesti. Digiteerime otse teie uude digiarhiivi: Folderit on kaks \u00fches!\",\"breadcrumb\":{\"@id\":\"https:\/\/www.folderit.com\/et\/dokumentide-digitaliseerimine\/#breadcrumb\"},\"inLanguage\":\"et\",\"potentialAction\":[{\"@type\":\"ReadAction\",\"target\":[\"https:\/\/www.folderit.com\/et\/dokumentide-digitaliseerimine\/\"]}]},{\"@type\":\"ImageObject\",\"inLanguage\":\"et\",\"@id\":\"https:\/\/www.folderit.com\/et\/dokumentide-digitaliseerimine\/#primaryimage\",\"url\":\"https:\/\/www.folderit.com\/wp-content\/uploads\/2018\/08\/Dokumentide-digitaliseerimine-digiteerimine-1024x683.jpg\",\"contentUrl\":\"https:\/\/www.folderit.com\/wp-content\/uploads\/2018\/08\/Dokumentide-digitaliseerimine-digiteerimine-1024x683.jpg\"},{\"@type\":\"BreadcrumbList\",\"@id\":\"https:\/\/www.folderit.com\/et\/dokumentide-digitaliseerimine\/#breadcrumb\",\"itemListElement\":[{\"@type\":\"ListItem\",\"position\":1,\"name\":\"Home\",\"item\":\"https:\/\/www.folderit.com\/et\/\"},{\"@type\":\"ListItem\",\"position\":2,\"name\":\"Dokumentide digitaliseerimine ehk digiteerimine\"}]},{\"@type\":\"WebSite\",\"@id\":\"https:\/\/www.folderit.com\/et\/#website\",\"url\":\"https:\/\/www.folderit.com\/et\/\",\"name\":\"Document Management System Folderit\",\"description\":\"Simple Cloud Document Management System Software\",\"publisher\":{\"@id\":\"https:\/\/www.folderit.com\/et\/#organization\"},\"potentialAction\":[{\"@type\":\"SearchAction\",\"target\":{\"@type\":\"EntryPoint\",\"urlTemplate\":\"https:\/\/www.folderit.com\/et\/?s={search_term_string}\"},\"query-input\":{\"@type\":\"PropertyValueSpecification\",\"valueRequired\":true,\"valueName\":\"search_term_string\"}}],\"inLanguage\":\"et\"},{\"@type\":\"Organization\",\"@id\":\"https:\/\/www.folderit.com\/et\/#organization\",\"name\":\"Folderit Ltd\",\"url\":\"https:\/\/www.folderit.com\/et\/\",\"logo\":{\"@type\":\"ImageObject\",\"inLanguage\":\"et\",\"@id\":\"https:\/\/www.folderit.com\/et\/#\/schema\/logo\/image\/\",\"url\":\"https:\/\/www.folderit.com\/wp-content\/uploads\/2016\/02\/folderit-document-management-logo.jpg\",\"contentUrl\":\"https:\/\/www.folderit.com\/wp-content\/uploads\/2016\/02\/folderit-document-management-logo.jpg\",\"width\":300,\"height\":300,\"caption\":\"Folderit Ltd\"},\"image\":{\"@id\":\"https:\/\/www.folderit.com\/et\/#\/schema\/logo\/image\/\"},\"sameAs\":[\"https:\/\/www.facebook.com\/folderit\",\"https:\/\/x.com\/FolderitDMS\",\"https:\/\/www.linkedin.com\/company\/folderit-document-management-system\/\",\"https:\/\/www.youtube.com\/@Folderit_com\"]}]}<\/script>\n<!-- \/ Yoast SEO Premium plugin. -->","yoast_head_json":{"title":"Dokumentide digitaliseerimine - Folderit","description":"Dokumentide digitaliseerimine ehk digiteerimine \u00fcle Eesti. Digiteerime otse teie uude digiarhiivi: Folderit on kaks \u00fches!","robots":{"index":"index","follow":"follow","max-snippet":"max-snippet:-1","max-image-preview":"max-image-preview:large","max-video-preview":"max-video-preview:-1"},"canonical":"https:\/\/www.folderit.com\/et\/dokumentide-digitaliseerimine\/","og_locale":"et_EE","og_type":"article","og_title":"Dokumentide digitaliseerimine ehk digiteerimine","og_description":"Dokumentide digitaliseerimine ehk digiteerimine \u00fcle Eesti. Digiteerime otse teie uude digiarhiivi: Folderit on kaks \u00fches!","og_url":"https:\/\/www.folderit.com\/et\/dokumentide-digitaliseerimine\/","og_site_name":"Document Management System Folderit","article_publisher":"https:\/\/www.facebook.com\/folderit","article_modified_time":"2025-09-29T06:42:31+00:00","og_image":[{"width":5875,"height":3917,"url":"https:\/\/www.folderit.com\/wp-content\/uploads\/2018\/08\/Dokumentide-digitaliseerimine-digiteerimine.jpg","type":"image\/jpeg"}],"twitter_card":"summary_large_image","twitter_site":"@FolderitDMS","twitter_misc":{"Est. reading time":"2 minutit"},"schema":{"@context":"https:\/\/schema.org","@graph":[{"@type":"WebPage","@id":"https:\/\/www.folderit.com\/et\/dokumentide-digitaliseerimine\/","url":"https:\/\/www.folderit.com\/et\/dokumentide-digitaliseerimine\/","name":"Dokumentide digitaliseerimine - Folderit","isPartOf":{"@id":"https:\/\/www.folderit.com\/et\/#website"},"primaryImageOfPage":{"@id":"https:\/\/www.folderit.com\/et\/dokumentide-digitaliseerimine\/#primaryimage"},"image":{"@id":"https:\/\/www.folderit.com\/et\/dokumentide-digitaliseerimine\/#primaryimage"},"thumbnailUrl":"https:\/\/www.folderit.com\/wp-content\/uploads\/2018\/08\/Dokumentide-digitaliseerimine-digiteerimine-1024x683.jpg","datePublished":"2018-08-07T13:57:06+00:00","dateModified":"2025-09-29T06:42:31+00:00","description":"Dokumentide digitaliseerimine ehk digiteerimine \u00fcle Eesti. Digiteerime otse teie uude digiarhiivi: Folderit on kaks \u00fches!","breadcrumb":{"@id":"https:\/\/www.folderit.com\/et\/dokumentide-digitaliseerimine\/#breadcrumb"},"inLanguage":"et","potentialAction":[{"@type":"ReadAction","target":["https:\/\/www.folderit.com\/et\/dokumentide-digitaliseerimine\/"]}]},{"@type":"ImageObject","inLanguage":"et","@id":"https:\/\/www.folderit.com\/et\/dokumentide-digitaliseerimine\/#primaryimage","url":"https:\/\/www.folderit.com\/wp-content\/uploads\/2018\/08\/Dokumentide-digitaliseerimine-digiteerimine-1024x683.jpg","contentUrl":"https:\/\/www.folderit.com\/wp-content\/uploads\/2018\/08\/Dokumentide-digitaliseerimine-digiteerimine-1024x683.jpg"},{"@type":"BreadcrumbList","@id":"https:\/\/www.folderit.com\/et\/dokumentide-digitaliseerimine\/#breadcrumb","itemListElement":[{"@type":"ListItem","position":1,"name":"Home","item":"https:\/\/www.folderit.com\/et\/"},{"@type":"ListItem","position":2,"name":"Dokumentide digitaliseerimine ehk digiteerimine"}]},{"@type":"WebSite","@id":"https:\/\/www.folderit.com\/et\/#website","url":"https:\/\/www.folderit.com\/et\/","name":"Document Management System Folderit","description":"Simple Cloud Document Management System Software","publisher":{"@id":"https:\/\/www.folderit.com\/et\/#organization"},"potentialAction":[{"@type":"SearchAction","target":{"@type":"EntryPoint","urlTemplate":"https:\/\/www.folderit.com\/et\/?s={search_term_string}"},"query-input":{"@type":"PropertyValueSpecification","valueRequired":true,"valueName":"search_term_string"}}],"inLanguage":"et"},{"@type":"Organization","@id":"https:\/\/www.folderit.com\/et\/#organization","name":"Folderit Ltd","url":"https:\/\/www.folderit.com\/et\/","logo":{"@type":"ImageObject","inLanguage":"et","@id":"https:\/\/www.folderit.com\/et\/#\/schema\/logo\/image\/","url":"https:\/\/www.folderit.com\/wp-content\/uploads\/2016\/02\/folderit-document-management-logo.jpg","contentUrl":"https:\/\/www.folderit.com\/wp-content\/uploads\/2016\/02\/folderit-document-management-logo.jpg","width":300,"height":300,"caption":"Folderit Ltd"},"image":{"@id":"https:\/\/www.folderit.com\/et\/#\/schema\/logo\/image\/"},"sameAs":["https:\/\/www.facebook.com\/folderit","https:\/\/x.com\/FolderitDMS","https:\/\/www.linkedin.com\/company\/folderit-document-management-system\/","https:\/\/www.youtube.com\/@Folderit_com"]}]}},"_links":{"self":[{"href":"https:\/\/www.folderit.com\/et\/wp-json\/wp\/v2\/pages\/2136","targetHints":{"allow":["GET"]}}],"collection":[{"href":"https:\/\/www.folderit.com\/et\/wp-json\/wp\/v2\/pages"}],"about":[{"href":"https:\/\/www.folderit.com\/et\/wp-json\/wp\/v2\/types\/page"}],"author":[{"embeddable":true,"href":"https:\/\/www.folderit.com\/et\/wp-json\/wp\/v2\/users\/19"}],"replies":[{"embeddable":true,"href":"https:\/\/www.folderit.com\/et\/wp-json\/wp\/v2\/comments?post=2136"}],"version-history":[{"count":24,"href":"https:\/\/www.folderit.com\/et\/wp-json\/wp\/v2\/pages\/2136\/revisions"}],"predecessor-version":[{"id":58864,"href":"https:\/\/www.folderit.com\/et\/wp-json\/wp\/v2\/pages\/2136\/revisions\/58864"}],"wp:attachment":[{"href":"https:\/\/www.folderit.com\/et\/wp-json\/wp\/v2\/media?parent=2136"}],"curies":[{"name":"wp","href":"https:\/\/api.w.org\/{rel}","templated":true}]}}