{"id":14014,"date":"2020-05-13T10:44:51","date_gmt":"2020-05-13T07:44:51","guid":{"rendered":"https:\/\/www.folderit.com\/?page_id=14014"},"modified":"2020-05-13T10:44:52","modified_gmt":"2020-05-13T07:44:52","slug":"software-gestionare-documentelor","status":"publish","type":"page","link":"https:\/\/www.folderit.com\/et\/software-gestionare-documentelor\/","title":{"rendered":"Software de gestionare a documentelor online"},"content":{"rendered":"\n<h2 class=\"wp-block-heading\">Software de gestionare a documentelor online<\/h2>\n\n\n\n<p><strong>Ce este Folderit si de ce este esential sa folosesti un sistem electronic de management al documentelor pentru siguranta firmei tale?<\/strong><\/p>\n\n\n\n<p>Folderit este un software de gestionare a documentelor online foarte accesibil ca \u0219i pret. Pe l\u00e2nga faptul ca po\u021bi stoca, partaja, gestiona \u0219i aproba documentele digitale cu u\u0219urin\u021b\u0103, acestea vor fi pastrate \u00een total\u0103 siguran\u021ba f\u0103r\u0103 riscul de a fii pierdute.&nbsp;<\/p>\n\n\n\n<p><strong>De ce s\u0103 alegi Folderit pentru compania ta?&nbsp;<\/strong><\/p>\n\n\n\n<p>\u00cen primul rand, fara un sistem de gestionare electronica a documentelor, e\u0219ti nevoit s\u0103 stochezi toate documentele pe un hardware extern sau pe un computer. Acestea pot oric\u00e2nd s\u0103 se defecteze iar tu s\u0103 pierzi toate documentele salvate.&nbsp;<\/p>\n\n\n\n<p>Cu siguran\u021b\u0103 vei spune, c\u0103 avand toate documentele pe h\u00e2rtie, vei putea p\u0103stra \u00een siguran\u021b\u0103 documentele importante din compania ta. Cel mai probabil ai \u0219i dreptate. \u00cens\u0103 ce se \u00eentampla atunci c\u00e2nd ai nevie s\u0103 accesezi anumite documente de la distan\u021b\u0103? Vei purta toate h\u00e2rtiile dupa tine?&nbsp;<\/p>\n\n\n\n<p>Dar atunci c\u00e2nd unul dintre angaja\u021bii sau colegii t\u0103i are nevoie de acces la anumite date? Vei c\u0103uta, scana si trimite documentele necesare de fiecare dat\u0103? Folderit i\u021bi ofer\u0103 cel mai usor de utilizat sistem de gestionare electronic\u0103 a documentelor din lume. Acest sistem nu are op\u021biuni inutile, de care nu ai nevoie, ci doar caracteristici reale, pe care le utilizezii zi de zi, precum cautarea anumitor documente mult mai usor.&nbsp;<\/p>\n\n\n\n<p>In ceea ce priveste investitia in acest sistem de gestionare a documentelor, nu trebuie sa \u00ee\u021bi faci griji. Pre\u021bul este unul foarte accesibil si pentru a te convinge de utilitatea lui, \u00ee\u021bi oferim 30 zile de testare gratuit\u0103.&nbsp;<\/p>\n\n\n\n<p><strong>Iat\u0103 doar c\u00e2teva dintre avantajele de care po\u021bi beneficia atunci c\u00e2nd folose\u0219ti Folderit:&nbsp;<\/strong><\/p>\n\n\n\n<p><strong>Distribuirea link-urilor cu documente<\/strong> in asa fel incat anumite grupuri de persoane sa aiba acces, sau chiar si publicarea acestor lincuri. Puteti partaja documente, foldere, sectiuni ale contului sau chiar intregul cont pentru a le impartasi mai multor oameni simultan sau unui singur angajat.<\/p>\n\n\n\n<p>De asemenea po\u021bi alege cine poate descarca sau nu acel document.&nbsp;<\/p>\n\n\n\n<p><strong>Cautare usoara prin intermediul sistemului nostru OCR<\/strong><\/p>\n\n\n\n<p>Prin utilizarea sistemului OCR (Optical Character Recognition) po\u021bi c\u0103uta documentele tale. mult mai usor. Nu doar ca ai posibilitatea sa cau\u021bi fisierele PDF sau Word in functie de titlul cu care au fost salvate, dar po\u021bi c\u0103uta \u0219i \u00een functie de cuvintele cheie pe care stii c\u0103 documentul le con\u021bine.&nbsp;<\/p>\n\n\n\n<p><strong>Flux de lucru usor si retinere a documentelor pe o perioada bine determinata<\/strong><\/p>\n\n\n\n<p>O factur\u0103, o cerere de vacan\u021b\u0103 sau un alt document trebuie s\u0103 fie aprobate de una sau mai multe persoane \u00eenainte de urm\u0103torul pas? Nici o problema! Invit\u0103-\u021bi colegii s\u0103 aprobe \u0219i s\u0103 adauge comentariile lor prin sistemul de gestiune a documentelor Folderit. \u00cen ordine fix\u0103 sau toate simultan. Nu a fost niciodat\u0103 mai u\u0219or s\u0103 ob\u021bi \u0219i s\u0103 urm\u0103re\u0219ti aprob\u0103rile!<\/p>\n\n\n\n<p>De asemenea, po\u021bi seta o anumita perioad\u0103 de p\u0103strare pentru oricare dintre dosare \u0219i fi\u0219iere &#8211; \u00een zile, s\u0103pt\u0103m\u00e2ni, luni sau ani!<\/p>\n\n\n\n<p><strong>Notific\u0103ri \u0219i rapoart\u0103ri de audit automate<\/strong><\/p>\n\n\n\n<p>Obtine notificari automate de fiecare data cand cineva face anumite modificari la documentele pe care alegi s\u0103 le monitorizezi. De asemenea po\u021bi alege c\u00e2t de des dore\u0219ti s\u0103 prime\u0219ti aceste notificari, dar foarte important este \u0219i faptul c\u0103 po\u021bi vedea exact cine a schimbat sau adaugat anumite date ale fi\u0219ierelor.&nbsp;<\/p>\n\n\n\n<p><strong>Asociaz\u0103 fisiere si adaug\u0103 metadate<\/strong><\/p>\n\n\n\n<p>Adaug\u0103 semnarii, noti\u021be sau data scaden\u021bei pentru a te ajuta s\u0103 v\u0103 organiza\u021bi documentele. Po\u021bi ad\u0103uga cu u\u0219urin\u021b\u0103 propriile c\u00e2mpuri de metadate! De asemenea, po\u021bi asocia fi\u0219iere pentru a crea rela\u021bii \u00eentre documente \u00een diferite structuri de folder care apar\u021bin aceluiasi departament. Este foarte simplu \u00een software-ul de gestionare a documentelor cloud Folderit.<\/p>\n\n\n\n<p><strong>Versiuni de fi\u0219iere<\/strong><\/p>\n\n\n\n<p>Po\u021bi \u00eenc\u0103rca o nou\u0103 versiune a unui document \u0219i p\u0103stra metadatele existente \u0219i toate versiunile fi\u0219ierului anterior &#8211; care pot fi \u00eentotdeauna u\u0219or recuperabile cu un singur clic! Posibilitatea de check-in \/ check-out a unui document \u00ee\u021bi permite s\u0103 il blochezi pentru al\u021bii \u00een timp ce \u00eel editezi pe computerul tau.<\/p>\n\n\n\n<p><strong>Mementouri<\/strong><\/p>\n\n\n\n<p>Ori de c\u00e2te ori ai nevoie de o notificare la o anumit\u0103 dat\u0103 \u0219i or\u0103, trebuie doar s\u0103 setezi un memento! Po\u021bi ad\u0103uga at\u00e2tea memento-uri pe care le dore\u0219ti \u0219i po\u021bi alege o adres\u0103 de e-mail diferit\u0103 pentru notificare pentru fiecare dintre ele.<\/p>\n\n\n\n<p><strong>Inbox<\/strong><\/p>\n\n\n\n<p>Pentru fiecare din rolurile contului tau. prime\u0219ti o adres\u0103 de e-mail dedicat\u0103. Trebuie doar s\u0103 trim\u021bi un e-mail la adresa respectiv\u0103 \u0219i fi\u0219ierul ata\u0219at va ajunge \u00een c\u0103su\u021ba de e-mail Folderit. Nu ar putea fi mai simplu \u0219i este ideal pentru a stoca documente din mers!<\/p>\n\n\n\n<p><strong>Roluri sau subconturi<\/strong><\/p>\n\n\n\n<p>De\u0219i po\u021bi crea o ierarhie nelimitat\u0103 sub rolul contului principal, po\u021bi ad\u0103uga p\u00e2n\u0103 la 5 roluri principale suplimentare! A\u0219adar, po\u021bi avea unul pentru compania dvs. sau diviziile sale, altul pentru dvs., nevoi personale, cluburi sau orice altceva de \u00eemp\u0103rt\u0103\u0219it cu angajati, prieteni sau chiar familie.<\/p>\n\n\n\n<p><strong>Sistem de gestionare a documentelor online accesibil de pe mobil<\/strong><\/p>\n\n\n\n<p>Documentele din sistemul de gestionare a documentelor online Folderit \u00ee\u021bi sunt accesibile de pe orice computer, Mac, tablet\u0103 sau smartphone cu conexiune la internet. Oriunde te-ai afla \u00een lume.&nbsp;<\/p>\n\n\n\n<p><strong>Posibilitate de back-up local&nbsp;<\/strong><\/p>\n\n\n\n<p>Documentele tale sunt stocate \u00eentr-un cloud securizat \u0219i sunt perfect sigure, dar, iar daca dore\u0219ti, po\u021bi desc\u0103rca cu u\u0219urin\u021b\u0103 \u00eentregul cont sau fi\u0219iere \/ foldere individuale pe hard disk \/ computer oricat de des doe\u0219ti.<\/p>\n\n\n\n<p><strong>Documentele tale sunt in siguran\u021b\u0103 \u0219i securizate<\/strong><\/p>\n\n\n\n<p>Toate datele tale sunt triplu copiate \u0219i criptate la nivel de banc\u0103 \u00een sistemul de gestionare a documentelor cloud Folderit. De asemenea, po\u021bi personaliza politica de parol\u0103 pentru membrii echipei tale., astfel \u00eenc\u00e2t ace\u0219tia pot alege doar parole extra lungi. Po\u021bi alege si ca membrii echipie \u00ee\u0219i schimbe parola at\u00e2t de des pe c\u00e2t dore\u0219ti.<\/p>\n\n\n\n<p>Gestionarea documentelor f\u0103r\u0103 h\u00e2rtie este o parte clar\u0103 \u0219i u\u0219oar\u0103 a afacerilor cotidiene pentru foarte multe companii \u0219i organiza\u021bii din \u00eentreaga lume. Folderit este sistemul electronic de gestiune a documentelor c\u0103ruia i se acorda \u00eencredere \u00een toata lumea de catre sute de mii de companii.&nbsp;<\/p>\n\n\n\n<p>Alege \u0219i tu sa i\u021bi usurezi munca si sa i\u021bi p\u0103strezi documentele \u00een siguran\u021b\u0103 cu ajutorul Folderit. <a href=\"https:\/\/my.folderit.com\/site\/signup\/\" target=\"_blank\" rel=\"noreferrer noopener\" aria-label=\"Beneficiaz\u0103 de 30 zile gratuite in care po\u021bi testa toate beneficiile sistemului u\u0219or de utilizat. (opens in a new tab)\">Beneficiaz\u0103 de 30 zile gratuite in care po\u021bi testa toate beneficiile sistemului u\u0219or de utilizat.<\/a><\/p>\n","protected":false},"excerpt":{"rendered":"<p>Software de gestionare a documentelor online Ce este Folderit si de ce este esential sa folosesti un sistem electronic de management al documentelor pentru siguranta firmei tale? Folderit este un software de gestionare a documentelor online foarte accesibil ca \u0219i pret. Pe l\u00e2nga faptul ca po\u021bi stoca, partaja, gestiona \u0219i aproba documentele digitale cu u\u0219urin\u021b\u0103, [&hellip;]<\/p>\n","protected":false},"author":3,"featured_media":0,"parent":0,"menu_order":0,"comment_status":"closed","ping_status":"closed","template":"","meta":{"_acf_changed":false,"footnotes":""},"class_list":["post-14014","page","type-page","status-publish","hentry"],"acf":[],"yoast_head":"<!-- This site is optimized with the Yoast SEO Premium plugin v25.7.1 (Yoast SEO v25.7) - https:\/\/yoast.com\/wordpress\/plugins\/seo\/ -->\n<title>Software de gestionare a documentelor online - Document Management System Folderit<\/title>\n<meta name=\"robots\" content=\"index, follow, max-snippet:-1, max-image-preview:large, max-video-preview:-1\" \/>\n<link rel=\"canonical\" href=\"https:\/\/www.folderit.com\/et\/software-gestionare-documentelor\/\" \/>\n<meta property=\"og:locale\" content=\"et_EE\" \/>\n<meta property=\"og:type\" content=\"article\" \/>\n<meta property=\"og:title\" content=\"Software de gestionare a documentelor online\" \/>\n<meta property=\"og:description\" content=\"Software de gestionare a documentelor online Ce este Folderit si de ce este esential sa folosesti un sistem electronic de management al documentelor pentru siguranta firmei tale? Folderit este un software de gestionare a documentelor online foarte accesibil ca \u0219i pret. Pe l\u00e2nga faptul ca po\u021bi stoca, partaja, gestiona \u0219i aproba documentele digitale cu u\u0219urin\u021b\u0103, [&hellip;]\" \/>\n<meta property=\"og:url\" content=\"https:\/\/www.folderit.com\/et\/software-gestionare-documentelor\/\" \/>\n<meta property=\"og:site_name\" content=\"Document Management System Folderit\" \/>\n<meta property=\"article:publisher\" content=\"https:\/\/www.facebook.com\/folderit\" \/>\n<meta property=\"article:modified_time\" content=\"2020-05-13T07:44:52+00:00\" \/>\n<meta property=\"og:image\" content=\"https:\/\/www.folderit.com\/wp-content\/uploads\/2024\/07\/Folderit-EDMS.png\" \/>\n\t<meta property=\"og:image:width\" content=\"1200\" \/>\n\t<meta property=\"og:image:height\" content=\"628\" \/>\n\t<meta property=\"og:image:type\" content=\"image\/png\" \/>\n<meta name=\"twitter:card\" content=\"summary_large_image\" \/>\n<meta name=\"twitter:site\" content=\"@FolderitDMS\" \/>\n<meta name=\"twitter:label1\" content=\"Est. reading time\" \/>\n\t<meta name=\"twitter:data1\" content=\"6 minutit\" \/>\n<script type=\"application\/ld+json\" class=\"yoast-schema-graph\">{\"@context\":\"https:\/\/schema.org\",\"@graph\":[{\"@type\":\"WebPage\",\"@id\":\"https:\/\/www.folderit.com\/et\/software-gestionare-documentelor\/\",\"url\":\"https:\/\/www.folderit.com\/et\/software-gestionare-documentelor\/\",\"name\":\"Software de gestionare a documentelor online - Document Management System Folderit\",\"isPartOf\":{\"@id\":\"https:\/\/www.folderit.com\/et\/#website\"},\"datePublished\":\"2020-05-13T07:44:51+00:00\",\"dateModified\":\"2020-05-13T07:44:52+00:00\",\"breadcrumb\":{\"@id\":\"https:\/\/www.folderit.com\/et\/software-gestionare-documentelor\/#breadcrumb\"},\"inLanguage\":\"et\",\"potentialAction\":[{\"@type\":\"ReadAction\",\"target\":[\"https:\/\/www.folderit.com\/et\/software-gestionare-documentelor\/\"]}]},{\"@type\":\"BreadcrumbList\",\"@id\":\"https:\/\/www.folderit.com\/et\/software-gestionare-documentelor\/#breadcrumb\",\"itemListElement\":[{\"@type\":\"ListItem\",\"position\":1,\"name\":\"Home\",\"item\":\"https:\/\/www.folderit.com\/et\/\"},{\"@type\":\"ListItem\",\"position\":2,\"name\":\"Software de gestionare a documentelor online\"}]},{\"@type\":\"WebSite\",\"@id\":\"https:\/\/www.folderit.com\/et\/#website\",\"url\":\"https:\/\/www.folderit.com\/et\/\",\"name\":\"Document Management System Folderit\",\"description\":\"Simple Cloud Document Management System Software\",\"publisher\":{\"@id\":\"https:\/\/www.folderit.com\/et\/#organization\"},\"potentialAction\":[{\"@type\":\"SearchAction\",\"target\":{\"@type\":\"EntryPoint\",\"urlTemplate\":\"https:\/\/www.folderit.com\/et\/?s={search_term_string}\"},\"query-input\":{\"@type\":\"PropertyValueSpecification\",\"valueRequired\":true,\"valueName\":\"search_term_string\"}}],\"inLanguage\":\"et\"},{\"@type\":\"Organization\",\"@id\":\"https:\/\/www.folderit.com\/et\/#organization\",\"name\":\"Folderit Ltd\",\"url\":\"https:\/\/www.folderit.com\/et\/\",\"logo\":{\"@type\":\"ImageObject\",\"inLanguage\":\"et\",\"@id\":\"https:\/\/www.folderit.com\/et\/#\/schema\/logo\/image\/\",\"url\":\"https:\/\/www.folderit.com\/wp-content\/uploads\/2016\/02\/folderit-document-management-logo.jpg\",\"contentUrl\":\"https:\/\/www.folderit.com\/wp-content\/uploads\/2016\/02\/folderit-document-management-logo.jpg\",\"width\":300,\"height\":300,\"caption\":\"Folderit Ltd\"},\"image\":{\"@id\":\"https:\/\/www.folderit.com\/et\/#\/schema\/logo\/image\/\"},\"sameAs\":[\"https:\/\/www.facebook.com\/folderit\",\"https:\/\/x.com\/FolderitDMS\",\"https:\/\/www.linkedin.com\/company\/folderit-document-management-system\/\",\"https:\/\/www.youtube.com\/@Folderit_com\"]}]}<\/script>\n<!-- \/ Yoast SEO Premium plugin. -->","yoast_head_json":{"title":"Software de gestionare a documentelor online - Document Management System Folderit","robots":{"index":"index","follow":"follow","max-snippet":"max-snippet:-1","max-image-preview":"max-image-preview:large","max-video-preview":"max-video-preview:-1"},"canonical":"https:\/\/www.folderit.com\/et\/software-gestionare-documentelor\/","og_locale":"et_EE","og_type":"article","og_title":"Software de gestionare a documentelor online","og_description":"Software de gestionare a documentelor online Ce este Folderit si de ce este esential sa folosesti un sistem electronic de management al documentelor pentru siguranta firmei tale? Folderit este un software de gestionare a documentelor online foarte accesibil ca \u0219i pret. Pe l\u00e2nga faptul ca po\u021bi stoca, partaja, gestiona \u0219i aproba documentele digitale cu u\u0219urin\u021b\u0103, [&hellip;]","og_url":"https:\/\/www.folderit.com\/et\/software-gestionare-documentelor\/","og_site_name":"Document Management System Folderit","article_publisher":"https:\/\/www.facebook.com\/folderit","article_modified_time":"2020-05-13T07:44:52+00:00","og_image":[{"width":1200,"height":628,"url":"https:\/\/www.folderit.com\/wp-content\/uploads\/2024\/07\/Folderit-EDMS.png","type":"image\/png"}],"twitter_card":"summary_large_image","twitter_site":"@FolderitDMS","twitter_misc":{"Est. reading time":"6 minutit"},"schema":{"@context":"https:\/\/schema.org","@graph":[{"@type":"WebPage","@id":"https:\/\/www.folderit.com\/et\/software-gestionare-documentelor\/","url":"https:\/\/www.folderit.com\/et\/software-gestionare-documentelor\/","name":"Software de gestionare a documentelor online - Document Management System Folderit","isPartOf":{"@id":"https:\/\/www.folderit.com\/et\/#website"},"datePublished":"2020-05-13T07:44:51+00:00","dateModified":"2020-05-13T07:44:52+00:00","breadcrumb":{"@id":"https:\/\/www.folderit.com\/et\/software-gestionare-documentelor\/#breadcrumb"},"inLanguage":"et","potentialAction":[{"@type":"ReadAction","target":["https:\/\/www.folderit.com\/et\/software-gestionare-documentelor\/"]}]},{"@type":"BreadcrumbList","@id":"https:\/\/www.folderit.com\/et\/software-gestionare-documentelor\/#breadcrumb","itemListElement":[{"@type":"ListItem","position":1,"name":"Home","item":"https:\/\/www.folderit.com\/et\/"},{"@type":"ListItem","position":2,"name":"Software de gestionare a documentelor online"}]},{"@type":"WebSite","@id":"https:\/\/www.folderit.com\/et\/#website","url":"https:\/\/www.folderit.com\/et\/","name":"Document Management System Folderit","description":"Simple Cloud Document Management System Software","publisher":{"@id":"https:\/\/www.folderit.com\/et\/#organization"},"potentialAction":[{"@type":"SearchAction","target":{"@type":"EntryPoint","urlTemplate":"https:\/\/www.folderit.com\/et\/?s={search_term_string}"},"query-input":{"@type":"PropertyValueSpecification","valueRequired":true,"valueName":"search_term_string"}}],"inLanguage":"et"},{"@type":"Organization","@id":"https:\/\/www.folderit.com\/et\/#organization","name":"Folderit Ltd","url":"https:\/\/www.folderit.com\/et\/","logo":{"@type":"ImageObject","inLanguage":"et","@id":"https:\/\/www.folderit.com\/et\/#\/schema\/logo\/image\/","url":"https:\/\/www.folderit.com\/wp-content\/uploads\/2016\/02\/folderit-document-management-logo.jpg","contentUrl":"https:\/\/www.folderit.com\/wp-content\/uploads\/2016\/02\/folderit-document-management-logo.jpg","width":300,"height":300,"caption":"Folderit Ltd"},"image":{"@id":"https:\/\/www.folderit.com\/et\/#\/schema\/logo\/image\/"},"sameAs":["https:\/\/www.facebook.com\/folderit","https:\/\/x.com\/FolderitDMS","https:\/\/www.linkedin.com\/company\/folderit-document-management-system\/","https:\/\/www.youtube.com\/@Folderit_com"]}]}},"_links":{"self":[{"href":"https:\/\/www.folderit.com\/et\/wp-json\/wp\/v2\/pages\/14014","targetHints":{"allow":["GET"]}}],"collection":[{"href":"https:\/\/www.folderit.com\/et\/wp-json\/wp\/v2\/pages"}],"about":[{"href":"https:\/\/www.folderit.com\/et\/wp-json\/wp\/v2\/types\/page"}],"author":[{"embeddable":true,"href":"https:\/\/www.folderit.com\/et\/wp-json\/wp\/v2\/users\/3"}],"replies":[{"embeddable":true,"href":"https:\/\/www.folderit.com\/et\/wp-json\/wp\/v2\/comments?post=14014"}],"version-history":[{"count":2,"href":"https:\/\/www.folderit.com\/et\/wp-json\/wp\/v2\/pages\/14014\/revisions"}],"predecessor-version":[{"id":14016,"href":"https:\/\/www.folderit.com\/et\/wp-json\/wp\/v2\/pages\/14014\/revisions\/14016"}],"wp:attachment":[{"href":"https:\/\/www.folderit.com\/et\/wp-json\/wp\/v2\/media?parent=14014"}],"curies":[{"name":"wp","href":"https:\/\/api.w.org\/{rel}","templated":true}]}}