{"id":1278,"date":"2018-01-27T17:01:43","date_gmt":"2018-01-27T15:01:43","guid":{"rendered":"https:\/\/uus.folderit.com\/?page_id=1278"},"modified":"2026-01-29T16:16:09","modified_gmt":"2026-01-29T14:16:09","slug":"cloud-dms","status":"publish","type":"page","link":"https:\/\/www.folderit.com\/es\/","title":{"rendered":"Sistema de gestion documental"},"content":{"rendered":"","protected":false},"excerpt":{"rendered":"","protected":false},"author":19,"featured_media":0,"parent":0,"menu_order":0,"comment_status":"closed","ping_status":"closed","template":"page-front.php","meta":{"_acf_changed":false,"footnotes":""},"class_list":["post-1278","page","type-page","status-publish","hentry"],"acf":[],"yoast_head":"<!-- This site is optimized with the Yoast SEO Premium plugin v25.7.1 (Yoast SEO v25.7) - https:\/\/yoast.com\/wordpress\/plugins\/seo\/ -->\n<title>Sistema de gestion documental - Folderit - Simple y Seguro<\/title>\n<meta name=\"description\" content=\"El software de gesti\u00f3n documental m\u00e1s f\u00e1cil de usar del mundo. Elimine el papel con Folderit EDMS. Pruebe gratis.\" \/>\n<meta name=\"robots\" content=\"index, follow, max-snippet:-1, max-image-preview:large, max-video-preview:-1\" \/>\n<link rel=\"canonical\" href=\"https:\/\/www.folderit.com\/es\/\" \/>\n<meta property=\"og:locale\" content=\"es_ES\" \/>\n<meta property=\"og:type\" content=\"article\" \/>\n<meta property=\"og:title\" content=\"Sistema de Gesti\u00f3n Documental Galardonado - Folderit DMS\" \/>\n<meta property=\"og:description\" content=\"El software de gesti\u00f3n documental m\u00e1s f\u00e1cil de usar del mundo. Elimine el papel con Folderit EDMS.\" \/>\n<meta property=\"og:url\" content=\"https:\/\/www.folderit.com\/es\/\" \/>\n<meta property=\"og:site_name\" content=\"Document Management System Folderit\" \/>\n<meta property=\"article:publisher\" content=\"https:\/\/www.facebook.com\/folderit\" \/>\n<meta property=\"article:modified_time\" content=\"2026-01-29T14:16:09+00:00\" \/>\n<meta property=\"og:image\" content=\"https:\/\/www.folderit.com\/wp-content\/uploads\/2024\/08\/Folderit-Sistema-de-gestion-documental.png\" \/>\n\t<meta property=\"og:image:width\" content=\"1200\" \/>\n\t<meta property=\"og:image:height\" content=\"628\" \/>\n\t<meta property=\"og:image:type\" content=\"image\/png\" \/>\n<meta name=\"twitter:card\" content=\"summary_large_image\" \/>\n<meta name=\"twitter:title\" content=\"Award-Winning Document Management System - Folderit DMS\" \/>\n<meta name=\"twitter:description\" content=\"The most user-friendly document management system in the world.\" \/>\n<meta name=\"twitter:site\" content=\"@FolderitDMS\" \/>\n<script type=\"application\/ld+json\" class=\"yoast-schema-graph\">{\"@context\":\"https:\/\/schema.org\",\"@graph\":[{\"@type\":\"WebPage\",\"@id\":\"https:\/\/www.folderit.com\/es\/\",\"url\":\"https:\/\/www.folderit.com\/es\/\",\"name\":\"Sistema de gestion documental - Folderit - Simple y Seguro\",\"isPartOf\":{\"@id\":\"https:\/\/www.folderit.com\/es\/#website\"},\"datePublished\":\"2018-01-27T15:01:43+00:00\",\"dateModified\":\"2026-01-29T14:16:09+00:00\",\"description\":\"El software de gesti\u00f3n documental m\u00e1s f\u00e1cil de usar del mundo. Elimine el papel con Folderit EDMS. Pruebe gratis.\",\"breadcrumb\":{\"@id\":\"https:\/\/www.folderit.com\/es\/#breadcrumb\"},\"inLanguage\":\"es\",\"potentialAction\":[{\"@type\":\"ReadAction\",\"target\":[\"https:\/\/www.folderit.com\/es\/\"]}]},{\"@type\":\"BreadcrumbList\",\"@id\":\"https:\/\/www.folderit.com\/es\/#breadcrumb\",\"itemListElement\":[{\"@type\":\"ListItem\",\"position\":1,\"name\":\"Home\",\"item\":\"https:\/\/www.folderit.com\/es\/\"},{\"@type\":\"ListItem\",\"position\":2,\"name\":\"Sistema de gestion documental\"}]},{\"@type\":\"WebSite\",\"@id\":\"https:\/\/www.folderit.com\/es\/#website\",\"url\":\"https:\/\/www.folderit.com\/es\/\",\"name\":\"Document Management System Folderit\",\"description\":\"Simple Cloud Document Management System Software\",\"publisher\":{\"@id\":\"https:\/\/www.folderit.com\/es\/#organization\"},\"potentialAction\":[{\"@type\":\"SearchAction\",\"target\":{\"@type\":\"EntryPoint\",\"urlTemplate\":\"https:\/\/www.folderit.com\/es\/?s={search_term_string}\"},\"query-input\":{\"@type\":\"PropertyValueSpecification\",\"valueRequired\":true,\"valueName\":\"search_term_string\"}}],\"inLanguage\":\"es\"},{\"@type\":\"Organization\",\"@id\":\"https:\/\/www.folderit.com\/es\/#organization\",\"name\":\"Folderit Ltd\",\"url\":\"https:\/\/www.folderit.com\/es\/\",\"logo\":{\"@type\":\"ImageObject\",\"inLanguage\":\"es\",\"@id\":\"https:\/\/www.folderit.com\/es\/#\/schema\/logo\/image\/\",\"url\":\"https:\/\/www.folderit.com\/wp-content\/uploads\/2016\/02\/folderit-document-management-logo.jpg\",\"contentUrl\":\"https:\/\/www.folderit.com\/wp-content\/uploads\/2016\/02\/folderit-document-management-logo.jpg\",\"width\":300,\"height\":300,\"caption\":\"Folderit Ltd\"},\"image\":{\"@id\":\"https:\/\/www.folderit.com\/es\/#\/schema\/logo\/image\/\"},\"sameAs\":[\"https:\/\/www.facebook.com\/folderit\",\"https:\/\/x.com\/FolderitDMS\",\"https:\/\/www.linkedin.com\/company\/folderit-document-management-system\/\",\"https:\/\/www.youtube.com\/@Folderit_com\"]}]}<\/script>\n<!-- \/ Yoast SEO Premium plugin. -->","yoast_head_json":{"title":"Sistema de gestion documental - Folderit - Simple y Seguro","description":"El software de gesti\u00f3n documental m\u00e1s f\u00e1cil de usar del mundo. Elimine el papel con Folderit EDMS. Pruebe gratis.","robots":{"index":"index","follow":"follow","max-snippet":"max-snippet:-1","max-image-preview":"max-image-preview:large","max-video-preview":"max-video-preview:-1"},"canonical":"https:\/\/www.folderit.com\/es\/","og_locale":"es_ES","og_type":"article","og_title":"Sistema de Gesti\u00f3n Documental Galardonado - Folderit DMS","og_description":"El software de gesti\u00f3n documental m\u00e1s f\u00e1cil de usar del mundo. Elimine el papel con Folderit EDMS.","og_url":"https:\/\/www.folderit.com\/es\/","og_site_name":"Document Management System Folderit","article_publisher":"https:\/\/www.facebook.com\/folderit","article_modified_time":"2026-01-29T14:16:09+00:00","og_image":[{"width":1200,"height":628,"url":"https:\/\/www.folderit.com\/wp-content\/uploads\/2024\/08\/Folderit-Sistema-de-gestion-documental.png","type":"image\/png"}],"twitter_card":"summary_large_image","twitter_title":"Award-Winning Document Management System - Folderit DMS","twitter_description":"The most user-friendly document management system in the world.","twitter_site":"@FolderitDMS","schema":{"@context":"https:\/\/schema.org","@graph":[{"@type":"WebPage","@id":"https:\/\/www.folderit.com\/es\/","url":"https:\/\/www.folderit.com\/es\/","name":"Sistema de gestion documental - Folderit - Simple y Seguro","isPartOf":{"@id":"https:\/\/www.folderit.com\/es\/#website"},"datePublished":"2018-01-27T15:01:43+00:00","dateModified":"2026-01-29T14:16:09+00:00","description":"El software de gesti\u00f3n documental m\u00e1s f\u00e1cil de usar del mundo. Elimine el papel con Folderit EDMS. Pruebe gratis.","breadcrumb":{"@id":"https:\/\/www.folderit.com\/es\/#breadcrumb"},"inLanguage":"es","potentialAction":[{"@type":"ReadAction","target":["https:\/\/www.folderit.com\/es\/"]}]},{"@type":"BreadcrumbList","@id":"https:\/\/www.folderit.com\/es\/#breadcrumb","itemListElement":[{"@type":"ListItem","position":1,"name":"Home","item":"https:\/\/www.folderit.com\/es\/"},{"@type":"ListItem","position":2,"name":"Sistema de gestion documental"}]},{"@type":"WebSite","@id":"https:\/\/www.folderit.com\/es\/#website","url":"https:\/\/www.folderit.com\/es\/","name":"Document Management System Folderit","description":"Simple Cloud Document Management System Software","publisher":{"@id":"https:\/\/www.folderit.com\/es\/#organization"},"potentialAction":[{"@type":"SearchAction","target":{"@type":"EntryPoint","urlTemplate":"https:\/\/www.folderit.com\/es\/?s={search_term_string}"},"query-input":{"@type":"PropertyValueSpecification","valueRequired":true,"valueName":"search_term_string"}}],"inLanguage":"es"},{"@type":"Organization","@id":"https:\/\/www.folderit.com\/es\/#organization","name":"Folderit Ltd","url":"https:\/\/www.folderit.com\/es\/","logo":{"@type":"ImageObject","inLanguage":"es","@id":"https:\/\/www.folderit.com\/es\/#\/schema\/logo\/image\/","url":"https:\/\/www.folderit.com\/wp-content\/uploads\/2016\/02\/folderit-document-management-logo.jpg","contentUrl":"https:\/\/www.folderit.com\/wp-content\/uploads\/2016\/02\/folderit-document-management-logo.jpg","width":300,"height":300,"caption":"Folderit Ltd"},"image":{"@id":"https:\/\/www.folderit.com\/es\/#\/schema\/logo\/image\/"},"sameAs":["https:\/\/www.facebook.com\/folderit","https:\/\/x.com\/FolderitDMS","https:\/\/www.linkedin.com\/company\/folderit-document-management-system\/","https:\/\/www.youtube.com\/@Folderit_com"]}]}},"_links":{"self":[{"href":"https:\/\/www.folderit.com\/es\/wp-json\/wp\/v2\/pages\/1278","targetHints":{"allow":["GET"]}}],"collection":[{"href":"https:\/\/www.folderit.com\/es\/wp-json\/wp\/v2\/pages"}],"about":[{"href":"https:\/\/www.folderit.com\/es\/wp-json\/wp\/v2\/types\/page"}],"author":[{"embeddable":true,"href":"https:\/\/www.folderit.com\/es\/wp-json\/wp\/v2\/users\/19"}],"replies":[{"embeddable":true,"href":"https:\/\/www.folderit.com\/es\/wp-json\/wp\/v2\/comments?post=1278"}],"version-history":[{"count":31,"href":"https:\/\/www.folderit.com\/es\/wp-json\/wp\/v2\/pages\/1278\/revisions"}],"predecessor-version":[{"id":61789,"href":"https:\/\/www.folderit.com\/es\/wp-json\/wp\/v2\/pages\/1278\/revisions\/61789"}],"wp:attachment":[{"href":"https:\/\/www.folderit.com\/es\/wp-json\/wp\/v2\/media?parent=1278"}],"curies":[{"name":"wp","href":"https:\/\/api.w.org\/{rel}","templated":true}]}}