{"id":10266,"date":"2019-07-21T22:55:01","date_gmt":"2019-07-21T19:55:01","guid":{"rendered":"https:\/\/www.folderit.com\/?page_id=10266"},"modified":"2019-07-21T22:59:47","modified_gmt":"2019-07-21T19:59:47","slug":"software-del-sistema-de-gestion-de-documentos-para-contables","status":"publish","type":"page","link":"https:\/\/www.folderit.com\/es\/software-del-sistema-de-gestion-de-documentos-para-contables\/","title":{"rendered":"Software del sistema de gesti\u00f3n de documentos para contables"},"content":{"rendered":"\n<h2 class=\"wp-block-heading\">Software del sistema de gesti\u00f3n de documentos para contables<\/h2>\n\n\n\n<div class=\"wp-block-image\"><figure class=\"alignright is-resized\"><img decoding=\"async\" src=\"https:\/\/www.folderit.com\/wp-content\/uploads\/2019\/07\/Software-sistema-gesti\u00f3n-documentos-para-contables.jpg\" alt=\"\" class=\"wp-image-10270\" width=\"403\" height=\"269\" srcset=\"https:\/\/www.folderit.com\/wp-content\/uploads\/2019\/07\/Software-sistema-gesti\u00f3n-documentos-para-contables.jpg 1000w, https:\/\/www.folderit.com\/wp-content\/uploads\/2019\/07\/Software-sistema-gesti\u00f3n-documentos-para-contables-300x200.jpg 300w, https:\/\/www.folderit.com\/wp-content\/uploads\/2019\/07\/Software-sistema-gesti\u00f3n-documentos-para-contables-768x512.jpg 768w, https:\/\/www.folderit.com\/wp-content\/uploads\/2019\/07\/Software-sistema-gesti\u00f3n-documentos-para-contables-652x435.jpg 652w, https:\/\/www.folderit.com\/wp-content\/uploads\/2019\/07\/Software-sistema-gesti\u00f3n-documentos-para-contables-260x173.jpg 260w, https:\/\/www.folderit.com\/wp-content\/uploads\/2019\/07\/Software-sistema-gesti\u00f3n-documentos-para-contables-800x534.jpg 800w, https:\/\/www.folderit.com\/wp-content\/uploads\/2019\/07\/Software-sistema-gesti\u00f3n-documentos-para-contables-54x36.jpg 54w\" sizes=\"(max-width: 403px) 100vw, 403px\" \/><figcaption>Software del sistema de gesti\u00f3n de documentos para contables<\/figcaption><\/figure><\/div>\n\n\n\n<p>La gesti\u00f3n de los documentos en l\u00ednea es una parte esencial dentro de su negocio de contabilidad, pero elegir qu\u00e9 proveedor de software SGD es el m\u00e1s adecuado para su empresa no es tarea f\u00e1cil. La confianza es un gran problema. Adem\u00e1s, tambi\u00e9n necesita un software de gesti\u00f3n de documentos r\u00e1pido, fiable y sobretodo seguro. Folderit proporciona el mejor y m\u00e1s seguro software disponible en el mercado hoy en d\u00eda.&nbsp; Con la confianza de algunas de las empresas m\u00e1s grandes que operan en l\u00ednea, cubrimos todas sus necesidades de gesti\u00f3n de documentos en l\u00ednea a la vez que proporcionamos un sistema de copia de seguridad doble con protocolos de seguridad extremos de alto nivel para las empresas de contabilidad.<\/p>\n\n\n\n<p><strong>Doble copia de seguridad<\/strong><\/p>\n\n\n\n<p>Nuestro servicio de almacenamiento en la nube proporciona una seguridad de alto nivel para sus documentos en l\u00ednea, pero eso no es todo. Entendemos que a veces necesitar\u00e1 copias impresas, por lo que la doble copia de seguridad de Folderit le permite descargar sus documentos e imprimirlos en cualquier momento y en cualquier lugar del mundo.<\/p>\n\n\n\n<p><strong>Comparta sus documentos<\/strong><\/p>\n\n\n\n<p>Compartir documentos forma parte de su rutina diaria. Nosotros promocionamos un uso compartido seguro con varios permisos. De este modo usted puede permitir el acceso a aquellos que lo necesitan y cuando m\u00e1s lo necesitan.&nbsp;<\/p>\n\n\n\n<p><strong>Catalogue sus archivos<\/strong><\/p>\n\n\n\n<p>El software de Folderit le permite buscar a trav\u00e9s de sus archivos mediante el etiquetado de metadatos para que pueda encontrar toda la informaci\u00f3n que necesite en cuesti\u00f3n de segundos.<\/p>\n\n\n\n<p><strong>Correo electr\u00f3nico personalizado<\/strong><\/p>\n\n\n\n<p>Un mundo sin correo electr\u00f3nico es algo inimaginable hoy en d\u00eda. Nuestro servicio de correo electr\u00f3nico personalizado garantiza que nunca se pierda esos mensajes importantes que contienen informaci\u00f3n crucial relacionada con el almacenamiento y el proyecto.<\/p>\n\n\n\n<p><strong>Supervise su trabajo<\/strong><\/p>\n\n\n\n<p>Las empresas de contabilidad experimentan inevitablemente diferentes niveles de flujo de trabajo en diferentes periodos de tiempo. Nuestro software le permite aprobar facturas y solicitudes directamente desde dentro del sistema y dejar comentarios sobre la resoluci\u00f3n. Podr\u00e1 aprobar documentos y obtener las aprobaciones en el tel\u00e9fono o en el escritorio, no importa lo ocupado que&nbsp; usted y sus compa\u00f1eros est\u00e9n.<\/p>\n\n\n\n<p><strong>B\u00fasqueda potente y tecnolog\u00eda OCR<\/strong><\/p>\n\n\n\n<p>Con nuestro software podr\u00e1 no solo podr\u00e1 buscar mediante el nombre del archivo y sus metadatos sino que tambi\u00e9n podr\u00e1 hacerlo a trav\u00e9s del contenido de sus documentos PDF, Microsoft Office e incluso de im\u00e1genes con texto. Puede buscar y encontrar desde todos ellos.<\/p>\n\n\n\n<p><strong>Alto nivel de seguridad<\/strong><\/p>\n\n\n\n<p>La discreci\u00f3n y la seguridad son probablemente dos de los aspectos m\u00e1s valorados en cualquier empresa de contabilidad. Una seguridad inadecuada puede provocar la p\u00e9rdida de confianza de&nbsp; los clientes. Inevitablemente, esto puede llevar a su negocio por un precario camino que conduce a dificultades legales evitables. Afortunadamente, con Folderit no tiene que preocuparse por la seguridad. Nuestro software proporciona un sistema de seguridad de alto nivel y \u00faltima generaci\u00f3n, que requiere unos permisos basados en una encriptaci\u00f3n para acceder a sus documentos.<\/p>\n\n\n\n<p><strong>Notificaciones autom\u00e1ticas<\/strong><\/p>\n\n\n\n<p>Con el software de Folderit puede configurar y recibir de forma autom\u00e1tica notificaciones que le mantendr\u00e1n informado de cualquier cambio que se realice en sus archivos y documentos compartidos.<\/p>\n\n\n\n<p><strong>M\u00faltiples roles<\/strong><\/p>\n\n\n\n<p>Si necesita varias cuentas, \u00a1no hay problema! Con Folderit puede configurar tantas cuentas como sea necesario para todos sus documentos compartidos.<\/p>\n\n\n\n<p><strong>Acceso global<\/strong><\/p>\n\n\n\n<p>Ni siguiera los contables tan ocupados como usted est\u00e1n en la oficina 24 horas al d\u00eda todos los d\u00edas de la semana. El sistema de gesti\u00f3n de documentos para contables de Folderit le permite un acceso f\u00e1cil a sus documentos desde cualquier sitio del mundo y con cualquier dispositivo: ordenador port\u00e1til, tablet, m\u00f3vil y escritorio. \u00bfNo es incre\u00edble?<\/p>\n\n\n\n<h4 class=\"wp-block-heading\">Reg\u00edstrese hoy y obtenga acceso instant\u00e1neo a nuestro plan Premium incluido en la prueba gratu\u00efta de 30 d\u00edas.&nbsp;<\/h4>\n\n\n\n<ul class=\"wp-block-list\"><li>Almacenamiento y gesti\u00f3n de documentos<\/li><li>Cree flujos de trabajo<\/li><li>Ventana de datos adjuntos de correo electr\u00f3nico<\/li><li>2 TB de espacio de almacenamiento<\/li><li>Control de versiones de archivos<\/li><li>Previsualizaci\u00f3n de archivos<\/li><li>Recordatorios<\/li><li>Metadata<\/li><\/ul>\n\n\n\n<p>El sistema de gesti\u00f3n de documentos de Folderit para contables tiene varios planes de precios diferentes.<\/p>\n\n\n\n<p>\u00bfNecesita m\u00e1s informaci\u00f3n?<\/p>\n\n\n\n<p>M\u00e1ndenos un correo a <a href=\"mailto:info@folderit.com\">info@folderit.com<\/a> o rellene la ventana de mensaje en nuestra p\u00e1gina de contacto. Estaremos m\u00e1s que felices de responder cualquier pregunta que pueda tener y proporcionarle toda la informaci\u00f3n que necesite para hacer de SGD la mejor opci\u00f3n posible.<\/p>\n\n\n\n<p>P\u00f3ngase en contacto hoy mismo y descubra como el sistema de gesti\u00f3n de documentos para contables de Folderit puede ayudar a su negocio de contabilidad para operar de forma segura y eficiente, \u00a1tanto en la nube como en tierra firme!<br><\/p>\n","protected":false},"excerpt":{"rendered":"<p>Software del sistema de gesti\u00f3n de documentos para contables La gesti\u00f3n de los documentos en l\u00ednea es una parte esencial dentro de su negocio de contabilidad, pero elegir qu\u00e9 proveedor de software SGD es el m\u00e1s adecuado para su empresa no es tarea f\u00e1cil. La confianza es un gran problema. Adem\u00e1s, tambi\u00e9n necesita un software [&hellip;]<\/p>\n","protected":false},"author":3,"featured_media":0,"parent":0,"menu_order":0,"comment_status":"closed","ping_status":"closed","template":"","meta":{"_acf_changed":false,"footnotes":""},"class_list":["post-10266","page","type-page","status-publish","hentry"],"acf":[],"yoast_head":"<!-- This site is optimized with the Yoast SEO Premium plugin v25.7.1 (Yoast SEO v25.7) - https:\/\/yoast.com\/wordpress\/plugins\/seo\/ -->\n<title>Software del sistema de gesti\u00f3n de documentos para contables - Document Management System Folderit<\/title>\n<meta name=\"robots\" content=\"index, follow, max-snippet:-1, max-image-preview:large, max-video-preview:-1\" \/>\n<link rel=\"canonical\" href=\"https:\/\/www.folderit.com\/es\/software-del-sistema-de-gestion-de-documentos-para-contables\/\" \/>\n<meta property=\"og:locale\" content=\"es_ES\" \/>\n<meta property=\"og:type\" content=\"article\" \/>\n<meta property=\"og:title\" content=\"Software del sistema de gesti\u00f3n de documentos para contables\" \/>\n<meta property=\"og:description\" content=\"Software del sistema de gesti\u00f3n de documentos para contables La gesti\u00f3n de los documentos en l\u00ednea es una parte esencial dentro de su negocio de contabilidad, pero elegir qu\u00e9 proveedor de software SGD es el m\u00e1s adecuado para su empresa no es tarea f\u00e1cil. La confianza es un gran problema. Adem\u00e1s, tambi\u00e9n necesita un software [&hellip;]\" \/>\n<meta property=\"og:url\" content=\"https:\/\/www.folderit.com\/es\/software-del-sistema-de-gestion-de-documentos-para-contables\/\" \/>\n<meta property=\"og:site_name\" content=\"Document Management System Folderit\" \/>\n<meta property=\"article:publisher\" content=\"https:\/\/www.facebook.com\/folderit\" \/>\n<meta property=\"article:modified_time\" content=\"2019-07-21T19:59:47+00:00\" \/>\n<meta property=\"og:image\" content=\"https:\/\/www.folderit.com\/wp-content\/uploads\/2024\/07\/Folderit-EDMS.png\" \/>\n\t<meta property=\"og:image:width\" content=\"1200\" \/>\n\t<meta property=\"og:image:height\" content=\"628\" \/>\n\t<meta property=\"og:image:type\" content=\"image\/png\" \/>\n<meta name=\"twitter:card\" content=\"summary_large_image\" \/>\n<meta name=\"twitter:site\" content=\"@FolderitDMS\" \/>\n<meta name=\"twitter:label1\" content=\"Est. reading time\" \/>\n\t<meta name=\"twitter:data1\" content=\"4 minutes\" \/>\n<script type=\"application\/ld+json\" class=\"yoast-schema-graph\">{\"@context\":\"https:\/\/schema.org\",\"@graph\":[{\"@type\":\"WebPage\",\"@id\":\"https:\/\/www.folderit.com\/es\/software-del-sistema-de-gestion-de-documentos-para-contables\/\",\"url\":\"https:\/\/www.folderit.com\/es\/software-del-sistema-de-gestion-de-documentos-para-contables\/\",\"name\":\"Software del sistema de gesti\u00f3n de documentos para contables - Document Management System Folderit\",\"isPartOf\":{\"@id\":\"https:\/\/www.folderit.com\/es\/#website\"},\"datePublished\":\"2019-07-21T19:55:01+00:00\",\"dateModified\":\"2019-07-21T19:59:47+00:00\",\"breadcrumb\":{\"@id\":\"https:\/\/www.folderit.com\/es\/software-del-sistema-de-gestion-de-documentos-para-contables\/#breadcrumb\"},\"inLanguage\":\"es\",\"potentialAction\":[{\"@type\":\"ReadAction\",\"target\":[\"https:\/\/www.folderit.com\/es\/software-del-sistema-de-gestion-de-documentos-para-contables\/\"]}]},{\"@type\":\"BreadcrumbList\",\"@id\":\"https:\/\/www.folderit.com\/es\/software-del-sistema-de-gestion-de-documentos-para-contables\/#breadcrumb\",\"itemListElement\":[{\"@type\":\"ListItem\",\"position\":1,\"name\":\"Home\",\"item\":\"https:\/\/www.folderit.com\/es\/\"},{\"@type\":\"ListItem\",\"position\":2,\"name\":\"Software del sistema de gesti\u00f3n de documentos para contables\"}]},{\"@type\":\"WebSite\",\"@id\":\"https:\/\/www.folderit.com\/es\/#website\",\"url\":\"https:\/\/www.folderit.com\/es\/\",\"name\":\"Document Management System Folderit\",\"description\":\"Simple Cloud Document Management System Software\",\"publisher\":{\"@id\":\"https:\/\/www.folderit.com\/es\/#organization\"},\"potentialAction\":[{\"@type\":\"SearchAction\",\"target\":{\"@type\":\"EntryPoint\",\"urlTemplate\":\"https:\/\/www.folderit.com\/es\/?s={search_term_string}\"},\"query-input\":{\"@type\":\"PropertyValueSpecification\",\"valueRequired\":true,\"valueName\":\"search_term_string\"}}],\"inLanguage\":\"es\"},{\"@type\":\"Organization\",\"@id\":\"https:\/\/www.folderit.com\/es\/#organization\",\"name\":\"Folderit Ltd\",\"url\":\"https:\/\/www.folderit.com\/es\/\",\"logo\":{\"@type\":\"ImageObject\",\"inLanguage\":\"es\",\"@id\":\"https:\/\/www.folderit.com\/es\/#\/schema\/logo\/image\/\",\"url\":\"https:\/\/www.folderit.com\/wp-content\/uploads\/2016\/02\/folderit-document-management-logo.jpg\",\"contentUrl\":\"https:\/\/www.folderit.com\/wp-content\/uploads\/2016\/02\/folderit-document-management-logo.jpg\",\"width\":300,\"height\":300,\"caption\":\"Folderit Ltd\"},\"image\":{\"@id\":\"https:\/\/www.folderit.com\/es\/#\/schema\/logo\/image\/\"},\"sameAs\":[\"https:\/\/www.facebook.com\/folderit\",\"https:\/\/x.com\/FolderitDMS\",\"https:\/\/www.linkedin.com\/company\/folderit-document-management-system\/\",\"https:\/\/www.youtube.com\/@Folderit_com\"]}]}<\/script>\n<!-- \/ Yoast SEO Premium plugin. -->","yoast_head_json":{"title":"Software del sistema de gesti\u00f3n de documentos para contables - Document Management System Folderit","robots":{"index":"index","follow":"follow","max-snippet":"max-snippet:-1","max-image-preview":"max-image-preview:large","max-video-preview":"max-video-preview:-1"},"canonical":"https:\/\/www.folderit.com\/es\/software-del-sistema-de-gestion-de-documentos-para-contables\/","og_locale":"es_ES","og_type":"article","og_title":"Software del sistema de gesti\u00f3n de documentos para contables","og_description":"Software del sistema de gesti\u00f3n de documentos para contables La gesti\u00f3n de los documentos en l\u00ednea es una parte esencial dentro de su negocio de contabilidad, pero elegir qu\u00e9 proveedor de software SGD es el m\u00e1s adecuado para su empresa no es tarea f\u00e1cil. La confianza es un gran problema. Adem\u00e1s, tambi\u00e9n necesita un software [&hellip;]","og_url":"https:\/\/www.folderit.com\/es\/software-del-sistema-de-gestion-de-documentos-para-contables\/","og_site_name":"Document Management System Folderit","article_publisher":"https:\/\/www.facebook.com\/folderit","article_modified_time":"2019-07-21T19:59:47+00:00","og_image":[{"width":1200,"height":628,"url":"https:\/\/www.folderit.com\/wp-content\/uploads\/2024\/07\/Folderit-EDMS.png","type":"image\/png"}],"twitter_card":"summary_large_image","twitter_site":"@FolderitDMS","twitter_misc":{"Est. reading time":"4 minutes"},"schema":{"@context":"https:\/\/schema.org","@graph":[{"@type":"WebPage","@id":"https:\/\/www.folderit.com\/es\/software-del-sistema-de-gestion-de-documentos-para-contables\/","url":"https:\/\/www.folderit.com\/es\/software-del-sistema-de-gestion-de-documentos-para-contables\/","name":"Software del sistema de gesti\u00f3n de documentos para contables - Document Management System Folderit","isPartOf":{"@id":"https:\/\/www.folderit.com\/es\/#website"},"datePublished":"2019-07-21T19:55:01+00:00","dateModified":"2019-07-21T19:59:47+00:00","breadcrumb":{"@id":"https:\/\/www.folderit.com\/es\/software-del-sistema-de-gestion-de-documentos-para-contables\/#breadcrumb"},"inLanguage":"es","potentialAction":[{"@type":"ReadAction","target":["https:\/\/www.folderit.com\/es\/software-del-sistema-de-gestion-de-documentos-para-contables\/"]}]},{"@type":"BreadcrumbList","@id":"https:\/\/www.folderit.com\/es\/software-del-sistema-de-gestion-de-documentos-para-contables\/#breadcrumb","itemListElement":[{"@type":"ListItem","position":1,"name":"Home","item":"https:\/\/www.folderit.com\/es\/"},{"@type":"ListItem","position":2,"name":"Software del sistema de gesti\u00f3n de documentos para contables"}]},{"@type":"WebSite","@id":"https:\/\/www.folderit.com\/es\/#website","url":"https:\/\/www.folderit.com\/es\/","name":"Document Management System Folderit","description":"Simple Cloud Document Management System Software","publisher":{"@id":"https:\/\/www.folderit.com\/es\/#organization"},"potentialAction":[{"@type":"SearchAction","target":{"@type":"EntryPoint","urlTemplate":"https:\/\/www.folderit.com\/es\/?s={search_term_string}"},"query-input":{"@type":"PropertyValueSpecification","valueRequired":true,"valueName":"search_term_string"}}],"inLanguage":"es"},{"@type":"Organization","@id":"https:\/\/www.folderit.com\/es\/#organization","name":"Folderit Ltd","url":"https:\/\/www.folderit.com\/es\/","logo":{"@type":"ImageObject","inLanguage":"es","@id":"https:\/\/www.folderit.com\/es\/#\/schema\/logo\/image\/","url":"https:\/\/www.folderit.com\/wp-content\/uploads\/2016\/02\/folderit-document-management-logo.jpg","contentUrl":"https:\/\/www.folderit.com\/wp-content\/uploads\/2016\/02\/folderit-document-management-logo.jpg","width":300,"height":300,"caption":"Folderit Ltd"},"image":{"@id":"https:\/\/www.folderit.com\/es\/#\/schema\/logo\/image\/"},"sameAs":["https:\/\/www.facebook.com\/folderit","https:\/\/x.com\/FolderitDMS","https:\/\/www.linkedin.com\/company\/folderit-document-management-system\/","https:\/\/www.youtube.com\/@Folderit_com"]}]}},"_links":{"self":[{"href":"https:\/\/www.folderit.com\/es\/wp-json\/wp\/v2\/pages\/10266","targetHints":{"allow":["GET"]}}],"collection":[{"href":"https:\/\/www.folderit.com\/es\/wp-json\/wp\/v2\/pages"}],"about":[{"href":"https:\/\/www.folderit.com\/es\/wp-json\/wp\/v2\/types\/page"}],"author":[{"embeddable":true,"href":"https:\/\/www.folderit.com\/es\/wp-json\/wp\/v2\/users\/3"}],"replies":[{"embeddable":true,"href":"https:\/\/www.folderit.com\/es\/wp-json\/wp\/v2\/comments?post=10266"}],"version-history":[{"count":4,"href":"https:\/\/www.folderit.com\/es\/wp-json\/wp\/v2\/pages\/10266\/revisions"}],"predecessor-version":[{"id":10290,"href":"https:\/\/www.folderit.com\/es\/wp-json\/wp\/v2\/pages\/10266\/revisions\/10290"}],"wp:attachment":[{"href":"https:\/\/www.folderit.com\/es\/wp-json\/wp\/v2\/media?parent=10266"}],"curies":[{"name":"wp","href":"https:\/\/api.w.org\/{rel}","templated":true}]}}